{"id":672,"date":"2022-10-11T22:39:14","date_gmt":"2022-10-11T22:39:14","guid":{"rendered":"https:\/\/maitripa.org\/library\/?page_id=672"},"modified":"2024-02-16T23:17:46","modified_gmt":"2024-02-16T23:17:46","slug":"buddhist-publications","status":"publish","type":"page","link":"https:\/\/maitripa.org\/library\/research-resources\/buddhist-publications\/","title":{"rendered":"Buddhist Publications"},"content":{"rendered":"<p><div class=\"fusion-fullwidth fullwidth-box fusion-builder-row-1 fusion-flex-container nonhundred-percent-fullwidth non-hundred-percent-height-scrolling\" style=\"--awb-border-radius-top-left:0px;--awb-border-radius-top-right:0px;--awb-border-radius-bottom-right:0px;--awb-border-radius-bottom-left:0px;--awb-flex-wrap:wrap;\" ><div class=\"fusion-builder-row fusion-row fusion-flex-align-items-flex-start fusion-flex-content-wrap\" style=\"max-width:104%;margin-left: calc(-4% \/ 2 );margin-right: calc(-4% \/ 2 );\"><div class=\"fusion-layout-column fusion_builder_column fusion-builder-column-0 fusion_builder_column_1_1 1_1 fusion-flex-column\" style=\"--awb-bg-size:cover;--awb-width-large:100%;--awb-margin-top-large:0px;--awb-spacing-right-large:1.92%;--awb-margin-bottom-large:0px;--awb-spacing-left-large:1.92%;--awb-width-medium:100%;--awb-spacing-right-medium:1.92%;--awb-spacing-left-medium:1.92%;--awb-width-small:100%;--awb-spacing-right-small:1.92%;--awb-spacing-left-small:1.92%;\"><div class=\"fusion-column-wrapper fusion-flex-justify-content-flex-start fusion-content-layout-column\"><div class=\"fusion-title title fusion-title-1 sep-underline sep-solid fusion-title-text fusion-title-size-one\"><h1 class=\"fusion-title-heading title-heading-left fusion-responsive-typography-calculated\" style=\"margin:0;--fontSize:30;--minFontSize:30;line-height:1.21;\">Research Resources: Buddhist Publications<\/h1><\/div><div class=\"fusion-text fusion-text-1\"><p><em>Journals fully or significantly publishing articles about or related to Buddhism<\/em><\/p>\n<p><a href=\"https:\/\/www.tandfonline.com\/toc\/casp20\/current#.U0nlpuaSz1s\" target=\"_blank\" rel=\"noopener\">Asian Philosophy<\/a><br \/>\nAn International Journal of the Philosophical Traditions of the East<\/p>\n<p><a href=\"http:\/\/muse.jhu.edu\/journal\/22\" target=\"_blank\" rel=\"noopener\">Buddhist-Christian Studies<\/a> (JSTOR)<br \/>\nBuddhist-Christian Studies is a scholarly journal devoted to Buddhism and Christianity and their historical and contemporary interrelationships. The journal presents thoughtful articles, conference reports, and book reviews and includes sections on comparative methodology and historical comparisons, as well as ongoing discussions from two dialogue conferences: the Theological Encounter with Buddhism, and the Japan Society for Buddhist-Christian Studies.<\/p>\n<p><a href=\"https:\/\/journals.equinoxpub.com\/index.php\/BSR\" target=\"_blank\" rel=\"noopener\">Buddhist Studies Review<\/a><br \/>\nJournal of the UK Association of Buddhist Studies. Relevant fields for the journal are: the different cultural areas where Buddhism exists or has existed; historical and contemporary aspects; theoretical, practical and methodological issues; textual, linguistic, archaeological and art-historical studies; and different disciplinary approaches to the.&nbsp;<\/p>\n<p><a href=\"https:\/\/thecjbs.org\/\" target=\"_blank\" rel=\"noopener\">Canadian Journal of Buddhist Studies <\/a> (access via MCL Academic Search Premier)<br \/>\nA scholarly peer-reviewed, open access, online publication covering all aspects of Buddhist Studies. The&nbsp;<em>Canadian Journal of Buddhist Studies<\/em>&nbsp;welcomes articles on classical textual and intertextual analysis, including work on hagiography, Buddhist art, ritual, doctrinal questions and lineage formation, and work on contemporary Buddhist communities<\/p>\n<p><a href=\"http:\/\/www.comcontphilosophy.org\/cfp\/\" target=\"_blank\" rel=\"noopener\">Comparative and Continental Philosophy<\/a><br \/>\nSponsored by the Comparative and Continental Philosophy Circle, Comparative and Continental Philosophy is a seriously minded, yet interesting, academic journal that is accessible to a wide range of readers from various disciplines such as philosophy, religion, art history, comparative literature, critical theory, phenomenological psychology, and cultural theory.<\/p>\n<p><a href=\"https:\/\/scholarworks.sjsu.edu\/comparativephilosophy\/\" target=\"_blank\" rel=\"noopener\">Comparative Philosophy<\/a><br \/>\nComparative Philosophy is a peer-reviewed, open-access\/non-profit international journal of philosophy, with emphasis on the constructive engagement of distinct approaches to philosophical issues, problems, themes from different philosophical traditions (whether distinguished culturally or by style\/orientation) for the sake of their joint contribution to the common philosophical enterprise and the development of contemporary society, and on general theory and methodology of comparative philosophy.<\/p>\n<p><a href=\"https:\/\/www.tandfonline.com\/toc\/rcbh20\/current#.U0nmfOaSz1s\" target=\"_blank\" rel=\"noopener\">Contemporary Buddhism <\/a> (access via MCL Academic Search Premier)<br \/>\nContemporary Buddhism examines the historical, doctrinal, literary, social, political, developments that have formed contemporary versions of Buddhism, East and West.<\/p>\n<p><a href=\"http:\/\/web.otani.ac.jp\/EBS\/about.html\" target=\"_blank\" rel=\"noopener\">The Eastern Buddhist<\/a><br \/>\nThe Eastern Buddhist carries articles on all aspects of Buddhism as well as English translations of classical Buddhist texts and works by modern Buddhist thinkers.<\/p>\n<p><a href=\"https:\/\/www.jstor.org\/journal\/harvjasiastud?refreqid=browse-ui%3A0d6fbc8b978cfbb219b106f265b7e792\" target=\"_blank\" rel=\"noopener\">Harvard Journal of Asiatic Studies<\/a><br \/>\nFounded in 1936, HJAS has without interruption pursued its mission to disseminate original, outstanding research and book reviews on the humanities in Asia. &nbsp;<em><span class=\"caps\">HJAS<\/span><\/em>&nbsp;publishes the highest-quality scholarship in a multidisciplinary forum that includes premodern and modern literature, art history, and religious studies; digital humanities; premodern history and social science; and modern history and humanistic social science through the mid-twentieth century.&nbsp;<\/p>\n<p><a href=\"https:\/\/www.journals.uchicago.edu\/toc\/hr\/current\" target=\"_blank\" rel=\"noopener\">History of Religion<\/a> (JSTOR)<br \/>\nThe first academic journal devoted exclusively to comparative religious history, History of Religions has set the standard for the study of religious phenomena from prehistory to modern times.<\/p>\n<p><a href=\"http:\/\/www.iijbs.org\/\" target=\"_blank\" rel=\"noopener\">Indian International Journal of Buddhist Studies (IIJBS)<\/a><br \/>\nThe <em>IIJBS<\/em>&nbsp;is a peer-reviewed, scholarly journal dedicated to supporting the academic study of Buddhism in all its varieties. <em>IIJBS<\/em>&nbsp;is a New Series, starting in 1999-2000, in continuation of the Institute&#8217;s earlier periodical, the&nbsp;<em>Indian Journal of Buddhist Studies<\/em>&nbsp;(<em>IJBS<\/em>, Vols. I to X, 1989-1998). It is published annually around&nbsp;<em>Vai\u015b\u0101kha Purnim\u0101<\/em>&nbsp;(May-June).<\/p>\n<p><a href=\"https:\/\/www.springer.com\/philosophy\/journal\/11153\" target=\"_blank\" rel=\"noopener\">International Journal for Philosophy of Religion<\/a><br \/>\nThe International Journal for Philosophy of Religion (IJPR) provides a medium for the exposition, development, and criticism of important philosophical insights and theories relevant to religion in any of its varied forms. It also provides a forum for critical, constructive, and interpretative consideration of religion from an objective philosophical point of view.<\/p>\n<p><a href=\"https:\/\/nirc.nanzan-u.ac.jp\/en\/publications\/jjrs\/\" target=\"_blank\" rel=\"noopener\">Japanese Journal of Religious Studies<\/a><br \/>\nThe Japanese Journal of Religious Studies is a semi-annual journal dedicated to the academic study of Japanese religions, seeking to deepen understanding of Japanese religions.<\/p>\n<p><a href=\"http:\/\/www.jocbs.org\/index.php\/jocbs\" target=\"_blank\" rel=\"noopener\">Journal for the Oxford Centre for Buddhist Studies<\/a><br \/>\nPublished by the Oxford Centre for Buddhist Studies &#8211; A Recognised Independent Centre of the University of Oxford.<\/p>\n<p><a href=\"https:\/\/www.jstor.org\/journal\/jasianstudies?refreqid=browse-ui%3A32205751930c1519c81ae1e2e768a206\" target=\"_blank\" rel=\"noopener\">Journal of Asian Studies<\/a><br \/>\nThis quarterly has been published regularly since November 1941. Each issue contains four to five feature articles on topics involving the history, arts, social sciences, philosophy, and contemporary issues of East, South, and Southeast Asia, as well as a large book review section.<\/p>\n<p><a href=\"http:\/\/blogs.dickinson.edu\/buddhistethics\/\" target=\"_blank\" rel=\"noopener\">Journal of Buddhist Ethics<\/a> (also available via <a href=\"https:\/\/galeapps.gale.com\/apps\/auth?userGroupName=ns145899&amp;da=true&amp;origURL=https%3A%2F%2Fgo.gale.com%2Fps%2Fstart.do%3Fp%3DAONE%26u%3Dns145899%26authCount%3D1&amp;prodId=AONE\" target=\"_blank\" rel=\"noopener\">Gale Academic OneFile<\/a>)<br \/>\nThe Journal of Buddhist Ethics is the first academic journal dedicated entirely to Buddhist ethics. We promote the study of Buddhist ethics through the publication of research and book reviews and by hosting occasional online conferences.&nbsp;<\/p>\n<p><a href=\"http:\/\/chinesebuddhiststudies.org\/index.html\" target=\"_blank\" rel=\"noopener\">Journal of Chinese Buddhist Studies<\/a><br \/>\nThe Journal of Chinese Buddhist Studies (JCBS) is a scholarly journal dedicated to the historical study of Chinese Buddhism in the premodern and modern periods. It seeks to promote the academic study, and teaching, of all aspects of Buddhist thought, practice, social, and institutional life in China, including historical interactions with Buddhist developments in South, East, and Central Asia. The JCBS publishes annually, and meets in conjunction with the American Academy of Religion.<\/p>\n<p><a href=\"https:\/\/www.wiley.com\/en-us\/Journal+of+Chinese+Philosophy-p-9780JRNL62293\" target=\"_blank\" rel=\"noopener\">Journal of Chinese Philosophy<\/a><br \/>\nThe Journal of Chinese Philosophy is devoted to the scholarly and creative study of Chinese philosophy and thought in all phases and stages of articulation and development.<\/p>\n<p><a href=\"http:\/\/www.iupress.indiana.edu\/pages.php?pID=84&amp;CDpath=4\" target=\"_blank\" rel=\"noopener\">Journal of Feminist Studies in Religion<\/a> (Access via <a href=\"https:\/\/multcolib.org\/resource\/academic-search-premier\" target=\"_blank\" rel=\"noopener\">MCL Academic Search Premier<\/a>)<br \/>\nInter-religious feminist academic journal in religious studies; is a channel for the publication of feminist scholarship in religion and a forum for discussion and dialogue among women and men of differing feminist perspectives.<\/p>\n<p><a href=\"http:\/\/www.globalbuddhism.org\/jgb\/index.php\/jgb\/index\" target=\"_blank\" rel=\"noopener\">Journal of Global Buddhism<\/a> (also available via <a href=\"https:\/\/galeapps.gale.com\/apps\/auth?userGroupName=ns145899&amp;da=true&amp;origURL=https%3A%2F%2Fgo.gale.com%2Fps%2Fstart.do%3Fp%3DAONE%26u%3Dns145899%26authCount%3D1&amp;prodId=AONE\" target=\"_blank\" rel=\"noopener\">Gale Academic OneFile<\/a>)<br \/>\nThe Journal of Global Buddhism has been established to promote the study of the globalization of Buddhism, both historical and contemporary, and its transnational and transcontinental interrelatedness. Research articles, special issues (special focus sections), discussions, critical notes, review essays and book reviews.<\/p>\n<p><a href=\"https:\/\/www.jstage.jst.go.jp\/browse\/ibk\/-char\/en\" target=\"_blank\" rel=\"noopener\">Journal of Indian and Buddhist Studies<\/a><br \/>\nPublished by Japanese Association of Indian and Buddhist Studies<\/p>\n<p><a href=\"https:\/\/www.jstor.org\/journal\/jameracadreli?refreqid=browse-ui%3A4b9799f4354bf3b5e753018b42c1690e\" target=\"_blank\" rel=\"noopener\">Journal of the American Academy of Religions<\/a><br \/>\nJAAR is generally considered to be the top academic journal in the field of religious studies. This international quarterly journal publishes top scholarly articles that cover the full range of world religious traditions together with provocative studies of the methodologies by which these traditions are explored. Each issue also contains a large and valuable book review section.<\/p>\n<p><a href=\"https:\/\/go.gale.com\/ps\/aboutJournal.do?actionString=DO_DISPLAY_ABOUT_PAGE&amp;searchType=PublicationSearchForm&amp;docId=GALE%7C2132&amp;userGroupName=ns145899&amp;inPS=true&amp;prodId=AONE\" target=\"_blank\" rel=\"noopener\">The Journal of the American Oriental Society<\/a><br \/>\nA refereed, scholarly journal covering the language, literature, culture, and history of the Near East, North Africa, South, and Southeast Asia, Inner Asia, the Far East, and the Islamic world. Topics addressed include philosophy, religion, folklore, and art.<\/p>\n<p><a href=\"https:\/\/journals.ub.uni-heidelberg.de\/index.php\/jiabs\/index\" target=\"_blank\" rel=\"noopener\">Journal of the International Association of Buddhist Studies<\/a><br \/>\nThis website offers full access to the JIABS. Current issues will be available online 36 months after their appearance in print.<\/p>\n<p><a href=\"http:\/\/poj.peeters-leuven.be\/content.php?url=journal&amp;journal_code=JIABS\" target=\"_blank\" rel=\"noopener\">JIABS subscription access<\/a><br \/>\nCurrent journal access.<\/p>\n<p><a href=\"https:\/\/www.thlib.org\/collections\/texts\/jiats\/\" target=\"_blank\" rel=\"noopener\">Journal of the International Association of Tibetan Studies<\/a><br \/>\nJIATS Archive. All issues available to read and download in part or in full. Not searchable.<\/p>\n<p><a href=\"http:\/\/www.palitext.com\/palitext\/jours.htm\" target=\"_blank\" rel=\"noopener\">Journal of the Pali Text Society<\/a><br \/>\nThe Society was founded in 1881 by T.W. Rhys Davids &#8220;to foster and promote the study of Pa\u0304li texts&#8221;. It publishes P\u0101li texts in roman characters, translations in English and ancillary works including dictionaries, a concordance, books for students of P\u0101li and a journal. Most of the classical texts and commentaries have now been edited and many works translated into English.<\/p>\n<p><a href=\"https:\/\/fpmt.org\/mandala\/online-features\/\" target=\"_blank\" rel=\"noopener\">Mandala Magazine | Online Features<\/a><br \/>\nMandala Publications is the official publication of the Foundation for the Preservation of the Mahayana Tradition (FPMT).<\/p>\n<p><a href=\"https:\/\/www.jstor.org\/journal\/numen?refreqid=browse-ui%3A79d9394715b4e7bbccebc80c53d5f1b0\" target=\"_blank\" rel=\"noopener\">Numen<\/a><br \/>\nNumen &#8211; the official journal of the International Association for the History of Religions (IAHR) &#8211; is one of the world&#8217;s leading journals devoted to the academic study of religions. It covers the full breadth of current international scholarship in the field, featuring articles on contemporary religious phenomena as well as on historical themes, theoretical contributions besides more empirically oriented studies.<\/p>\n<p><a href=\"http:\/\/www.shin-ibs.edu\/publications\/pacific-world\/\" target=\"_blank\" rel=\"noopener\">Pacific World: Journal of Institute of Buddhist Studies<\/a><br \/>\nPacific World is an annual journal in English devoted to the dissemination of historical, textual, critical and interpretive articles on Buddhism generally and Shinshu Buddhism particularly to both academic and lay readerships.<\/p>\n<p><a href=\"https:\/\/www.mdpi.com\/journal\/religions\" target=\"_blank\" rel=\"noopener\">Religions<\/a><br \/>\nAn international open-access, online-only journal founded in 2010. Over the last decade, it has published 98 articles on Buddhism.<\/p>\n<p><a href=\"http:\/\/jpars.org\/online\/\" target=\"_blank\" rel=\"noopener\">Religious Studies in Japan<\/a><br \/>\nReligious Studies in Japan is an online peer-reviewed journal edited and published by the Japanese Association for Religious Studies. This journal aims to share scholarly research by members of the Japanese Association for Religious Studies with international colleagues, and to promote discussion between scholars in Japan and abroad<\/p>\n<p><a href=\"https:\/\/www.jstor.org\/journal\/tibetjournal\" target=\"_blank\" rel=\"noopener\">Tibet Journal<\/a><br \/>\nJSTOR access to Tibet Journal via MCL<\/p>\n<p><a href=\"https:\/\/tricycle.org\/\" target=\"_blank\" rel=\"noopener\">Tricycle: The Buddhist Review<\/a><br \/>\nThe leading independent journal of Buddhism in the West.<\/p>\n<p><a href=\"http:\/\/www.yosothor.org\/udaya\/index.php\/ujks\" target=\"_blank\" rel=\"noopener\">Udaya, Journal of Khmer Studies<\/a><br \/>\nUdaya is a word of Sanskrit origin used in Khmer since ancient times. Pronounced \u201coutey\u201d in Khmer, it means \u201crising sun,\u201d and by extension \u201cdawn\u201d or \u201crebirth.\u201d The journal provides a forum and a vehicle for renewal in Khmer Studies \u2013a renewal which cannot be entirely isolated from the political, social and economic aspects of a larger transformation ongoing in Cambodia and with respect to Cambodia.<\/p>\n<\/div><\/div><\/div><\/div><\/div><div class=\"fusion-fullwidth fullwidth-box fusion-builder-row-2 fusion-flex-container has-pattern-background has-mask-background nonhundred-percent-fullwidth non-hundred-percent-height-scrolling\" style=\"--awb-border-radius-top-left:0px;--awb-border-radius-top-right:0px;--awb-border-radius-bottom-right:0px;--awb-border-radius-bottom-left:0px;--awb-background-color:#f1f1f1;--awb-flex-wrap:wrap;\" ><div class=\"fusion-builder-row fusion-row fusion-flex-align-items-flex-start fusion-flex-content-wrap\" style=\"max-width:104%;margin-left: calc(-4% \/ 2 );margin-right: calc(-4% \/ 2 );\"><div class=\"fusion-layout-column fusion_builder_column fusion-builder-column-1 fusion_builder_column_1_1 1_1 fusion-flex-column\" style=\"--awb-bg-size:cover;--awb-width-large:100%;--awb-margin-top-large:0px;--awb-spacing-right-large:1.92%;--awb-margin-bottom-large:0px;--awb-spacing-left-large:1.92%;--awb-width-medium:100%;--awb-spacing-right-medium:1.92%;--awb-spacing-left-medium:1.92%;--awb-width-small:100%;--awb-spacing-right-small:1.92%;--awb-spacing-left-small:1.92%;\"><div class=\"fusion-column-wrapper fusion-flex-justify-content-flex-start fusion-content-layout-column\"><div class=\"fusion-text fusion-text-2\"><hr>\n<h5>Resources for Research<\/h5>\n<h5 style=\"text-align: center\"><a href=\"https:\/\/maitripa.org\/library\/research-resources\/arts-culture\/\">Arts &amp; Culture<\/a>&nbsp; &nbsp;|&nbsp; <a href=\"https:\/\/maitripa.org\/library\/research-resources\/buddhist-publications\/\">&nbsp;Buddhist Publications<\/a>&nbsp; &nbsp;|&nbsp; <a href=\"https:\/\/maitripa.org\/library\/research-resources\/faculty-publications\/\">&nbsp;Faculty Publications&nbsp;<\/a> &nbsp;|&nbsp; &nbsp;<a href=\"https:\/\/maitripa.org\/library\/research-databases\/\">Research Databases<\/a>&nbsp; &nbsp;|&nbsp; &nbsp;<a href=\"https:\/\/maitripa.org\/library\/research-resources\/resources-for-research\/\">Resources for Research<\/a>&nbsp; &nbsp;|&nbsp; <a href=\"https:\/\/maitripa.org\/library\/index\/subject-guides\/\">&nbsp;Subject Guides<\/a><\/h5>\n<\/div><\/div><\/div><\/div><\/div>\n<\/p>\n","protected":false},"excerpt":{"rendered":"","protected":false},"author":1,"featured_media":0,"parent":139,"menu_order":0,"comment_status":"closed","ping_status":"closed","template":"","meta":{"ngg_post_thumbnail":0,"footnotes":""},"class_list":["post-672","page","type-page","status-publish","hentry"],"_links":{"self":[{"href":"https:\/\/maitripa.org\/library\/wp-json\/wp\/v2\/pages\/672","targetHints":{"allow":["GET"]}}],"collection":[{"href":"https:\/\/maitripa.org\/library\/wp-json\/wp\/v2\/pages"}],"about":[{"href":"https:\/\/maitripa.org\/library\/wp-json\/wp\/v2\/types\/page"}],"author":[{"embeddable":true,"href":"https:\/\/maitripa.org\/library\/wp-json\/wp\/v2\/users\/1"}],"replies":[{"embeddable":true,"href":"https:\/\/maitripa.org\/library\/wp-json\/wp\/v2\/comments?post=672"}],"version-history":[{"count":5,"href":"https:\/\/maitripa.org\/library\/wp-json\/wp\/v2\/pages\/672\/revisions"}],"predecessor-version":[{"id":2185,"href":"https:\/\/maitripa.org\/library\/wp-json\/wp\/v2\/pages\/672\/revisions\/2185"}],"up":[{"embeddable":true,"href":"https:\/\/maitripa.org\/library\/wp-json\/wp\/v2\/pages\/139"}],"wp:attachment":[{"href":"https:\/\/maitripa.org\/library\/wp-json\/wp\/v2\/media?parent=672"}],"curies":[{"name":"wp","href":"https:\/\/api.w.org\/{rel}","templated":true}]}}