{"id":401,"date":"2022-10-07T19:06:08","date_gmt":"2022-10-07T19:06:08","guid":{"rendered":"https:\/\/maitripa.org\/library\/?page_id=401"},"modified":"2024-08-23T01:18:40","modified_gmt":"2024-08-23T01:18:40","slug":"santideva","status":"publish","type":"page","link":"https:\/\/maitripa.org\/library\/subject-guides\/madhyamaka\/source-treatises-of-madhyamaka\/santideva\/","title":{"rendered":"S\u0301a\u0304ntideva"},"content":{"rendered":"<p><div class=\"fusion-fullwidth fullwidth-box fusion-builder-row-1 fusion-flex-container nonhundred-percent-fullwidth non-hundred-percent-height-scrolling\" style=\"--awb-border-radius-top-left:0px;--awb-border-radius-top-right:0px;--awb-border-radius-bottom-right:0px;--awb-border-radius-bottom-left:0px;--awb-flex-wrap:wrap;\" ><div class=\"fusion-builder-row fusion-row fusion-flex-align-items-flex-start fusion-flex-content-wrap\" style=\"max-width:104%;margin-left: calc(-4% \/ 2 );margin-right: calc(-4% \/ 2 );\"><div class=\"fusion-layout-column fusion_builder_column fusion-builder-column-0 fusion_builder_column_1_1 1_1 fusion-flex-column\" style=\"--awb-bg-size:cover;--awb-width-large:100%;--awb-margin-top-large:0px;--awb-spacing-right-large:1.92%;--awb-margin-bottom-large:0px;--awb-spacing-left-large:1.92%;--awb-width-medium:100%;--awb-spacing-right-medium:1.92%;--awb-spacing-left-medium:1.92%;--awb-width-small:100%;--awb-spacing-right-small:1.92%;--awb-spacing-left-small:1.92%;\"><div class=\"fusion-column-wrapper fusion-flex-justify-content-flex-start fusion-content-layout-column\"><div class=\"fusion-text fusion-text-1\"><h2 class=\"fusion-responsive-typography-calculated\" data-fontsize=\"28\" data-lineheight=\"33.88px\">S\u0301a\u0304ntideva (active 7th century)<br \/>\n\u0f5e\u0f72\u0f0b\u0f56\u0f0b\u0f63\u0fb7\u0f0d zhi ba lha<\/h2>\n<\/div><div class=\"fusion-title title fusion-title-1 sep-underline sep-solid fusion-title-text fusion-title-size-three\"><h3 class=\"fusion-title-heading title-heading-left fusion-responsive-typography-calculated\" style=\"margin:0;--fontSize:25;--minFontSize:25;line-height:1.21;\"><h3>&nbsp;<\/h3>\n<h2>&nbsp;<\/h2><\/h3><\/div><\/div><\/div><\/div><\/div><div class=\"fusion-fullwidth fullwidth-box fusion-builder-row-2 fusion-flex-container nonhundred-percent-fullwidth non-hundred-percent-height-scrolling\" style=\"--awb-border-radius-top-left:0px;--awb-border-radius-top-right:0px;--awb-border-radius-bottom-right:0px;--awb-border-radius-bottom-left:0px;--awb-flex-wrap:wrap;\" ><div class=\"fusion-builder-row fusion-row fusion-flex-align-items-flex-start fusion-flex-content-wrap\" style=\"max-width:104%;margin-left: calc(-4% \/ 2 );margin-right: calc(-4% \/ 2 );\"><div class=\"fusion-layout-column fusion_builder_column fusion-builder-column-1 fusion_builder_column_1_2 1_2 fusion-flex-column\" style=\"--awb-bg-size:cover;--awb-width-large:50%;--awb-margin-top-large:0px;--awb-spacing-right-large:3.84%;--awb-margin-bottom-large:0px;--awb-spacing-left-large:3.84%;--awb-width-medium:50%;--awb-spacing-right-medium:3.84%;--awb-spacing-left-medium:3.84%;--awb-width-small:100%;--awb-spacing-right-small:1.92%;--awb-spacing-left-small:1.92%;\"><div class=\"fusion-column-wrapper fusion-flex-justify-content-flex-start fusion-content-layout-column\"><div class=\"fusion-text fusion-text-2\"><h3>Biography<\/h3>\n<ul>\n<li>Goodman, Charles. 2016. \u201cShantideva.\u201d T<em>he Stanford Encyclopedia of Philosophy<\/em> (Fall 2016 Edition), Edward N. Zalta (ed.) <a href=\"https:\/\/plato.stanford.edu\/entries\/shantideva\/\">plato.stanford.edu<\/a><\/li>\n<li>Ruegg, David Seyfort. 1981. <em>The Literature of the Madhyamaka School of Philosophy in India.<\/em> Harrassowitz. pp. 82-86<\/li>\n<li>\u201cShantideva.\u201d Rigpa Wiki. <a href=\"https:\/\/www.rigpawiki.org\/index.php?title=Shantideva\">rigpawiki<\/a><\/li>\n<\/ul>\n<\/div><\/div><\/div><div class=\"fusion-layout-column fusion_builder_column fusion-builder-column-2 fusion_builder_column_1_2 1_2 fusion-flex-column\" style=\"--awb-bg-size:cover;--awb-width-large:50%;--awb-margin-top-large:0px;--awb-spacing-right-large:3.84%;--awb-margin-bottom-large:0px;--awb-spacing-left-large:3.84%;--awb-width-medium:50%;--awb-spacing-right-medium:3.84%;--awb-spacing-left-medium:3.84%;--awb-width-small:100%;--awb-spacing-right-small:1.92%;--awb-spacing-left-small:1.92%;\"><div class=\"fusion-column-wrapper fusion-flex-justify-content-flex-start fusion-content-layout-column\"><div class=\"fusion-text fusion-text-3\"><h3>Noted Scholars<\/h3>\n<p>Bstan-&#8216;dzin-rgya-mtsho, Dalai Lama XIV; Charles Goodman<\/p>\n<\/div><\/div><\/div><\/div><\/div><div class=\"fusion-fullwidth fullwidth-box fusion-builder-row-3 fusion-flex-container nonhundred-percent-fullwidth non-hundred-percent-height-scrolling\" style=\"--awb-border-radius-top-left:0px;--awb-border-radius-top-right:0px;--awb-border-radius-bottom-right:0px;--awb-border-radius-bottom-left:0px;--awb-flex-wrap:wrap;\" ><div class=\"fusion-builder-row fusion-row fusion-flex-align-items-flex-start fusion-flex-content-wrap\" style=\"max-width:104%;margin-left: calc(-4% \/ 2 );margin-right: calc(-4% \/ 2 );\"><div class=\"fusion-layout-column fusion_builder_column fusion-builder-column-3 fusion_builder_column_1_1 1_1 fusion-flex-column\" style=\"--awb-bg-size:cover;--awb-width-large:100%;--awb-margin-top-large:0px;--awb-spacing-right-large:1.92%;--awb-margin-bottom-large:0px;--awb-spacing-left-large:1.92%;--awb-width-medium:100%;--awb-spacing-right-medium:1.92%;--awb-spacing-left-medium:1.92%;--awb-width-small:100%;--awb-spacing-right-small:1.92%;--awb-spacing-left-small:1.92%;\"><div class=\"fusion-column-wrapper fusion-flex-justify-content-flex-start fusion-content-layout-column\"><div class=\"fusion-text fusion-text-4\"><h3>Works<\/h3>\n<\/div><\/div><\/div><div class=\"fusion-layout-column fusion_builder_column fusion-builder-column-4 fusion_builder_column_1_3 1_3 fusion-flex-column\" style=\"--awb-bg-size:cover;--awb-width-large:33.333333333333%;--awb-margin-top-large:0px;--awb-spacing-right-large:3.84%;--awb-margin-bottom-large:0px;--awb-spacing-left-large:5.76%;--awb-width-medium:33.333333333333%;--awb-spacing-right-medium:3.84%;--awb-spacing-left-medium:5.76%;--awb-width-small:100%;--awb-spacing-right-small:1.92%;--awb-spacing-left-small:1.92%;\"><div class=\"fusion-column-wrapper fusion-flex-justify-content-flex-start fusion-content-layout-column\"><div class=\"fusion-text fusion-text-5\"><p><strong>Bodhisattvacary\u0101vat\u0101ra <\/strong>or <strong>Bodhicary\u0101vat\u0101ra<br \/>\n<\/strong>Introduction to the Bodhisattva&#8217;s Way of Life<br \/>\nbyang chub sems dpa&#8217;i spyod pa la &#8216;jug pa<br \/>\n\u0f56\u0fb1\u0f44\u0f0b\u0f46\u0f74\u0f56\u0f0b\u0f66\u0f7a\u0f58\u0f66\u0f0b\u0f51\u0f54\u0f60\u0f72\u0f0b\u0f66\u0fa4\u0fb1\u0f7c\u0f51\u0f0b\u0f54\u0f0b\u0f63\u0f0b\u0f60\u0f47\u0f74\u0f42\u0f0b\u0f54\u0f0b<br \/>\n<a href=\"https:\/\/tibetan.works\/etext\/reader.php?collection=tengyur&amp;index=3871\">Tibetan<\/a> &nbsp;<a href=\"http:\/\/gretil.sub.uni-goettingen.de\/gretil\/1_sanskr\/6_sastra\/3_phil\/buddh\/bsa003_u.htm\">Sanskrit<\/a><\/p>\n<\/div><\/div><\/div><div class=\"fusion-layout-column fusion_builder_column fusion-builder-column-5 fusion_builder_column_2_3 2_3 fusion-flex-column\" style=\"--awb-bg-size:cover;--awb-width-large:66.666666666667%;--awb-margin-top-large:0px;--awb-spacing-right-large:2.88%;--awb-margin-bottom-large:0px;--awb-spacing-left-large:3.84%;--awb-width-medium:66.666666666667%;--awb-spacing-right-medium:2.88%;--awb-spacing-left-medium:3.84%;--awb-width-small:100%;--awb-spacing-right-small:1.92%;--awb-spacing-left-small:1.92%;\"><div class=\"fusion-column-wrapper fusion-flex-justify-content-flex-start fusion-content-layout-column\"><div class=\"fusion-text fusion-text-6\"><ul>\n<li>Batchelor, Stephen, trans. 2012. <em>A Guide to the Bodhisattva\u2019s Way of Life<\/em>. Boston: Snow Lion. (BQ 3142 .E5 B37 1979 <a href=\"https:\/\/maitripa.populiweb.com\/library\/resource.php?resourceID=8310355\">JABL<\/a>) (Source Tibetan)<\/li>\n<li>Bstan-&#8216;dzin-rgya-mtsho, Dalai Lama XIV, and Thupten Jinpa, trans. 2012. <em>Practicing Wisdom: The Perfection of Shantideva\u2019s Bodhisattva Way<\/em>. Wisdom Publications. <a href=\"https:\/\/maitripa.populiweb.com\/library\/resource.php?resourceID=8309551\">JABL<\/a>&nbsp;(commentary on chapter 9 by His Holiness Dalai Lama)<\/li>\n<li>Bstan-&#8216;dzin-rgya-mtsho, Dalai Lama XIV, Pema Wangyal, S\u0301a\u0303ntideva, and Comite\u0301 De Traduction Padmakara. 2009. <em>For the Benefit of All Beings: A Commentary on the Way of the Bodhisattva<\/em>. Shambhala. <a href=\"https:\/\/maitripa.populiweb.com\/library\/resource.php?resourceID=8322871\">JABL<\/a><\/li>\n<li>Comite\u0301 De Traduction Padmakara. 2008. <em>The Way of the Bodhisattva: A Translation of the Bodhicharyavatara<\/em>. Shambhala. <a href=\"https:\/\/maitripa.populiweb.com\/library\/resource.php?resourceID=8314219\">JABL<\/a><\/li>\n<li>Crosby, Kate and Andrew Skilton. 2008. <em>The Bodhicarya\u0304vata\u0304ra.<\/em> Oxford: Oxford University Press. (Source Sanskrit) (<a href=\"https:\/\/www.worldcat.org\/title\/191752417?oclcNum=191752417\">WorldCat<\/a>)<\/li>\n<li>Oldmeadow, Peter. 1994. \u201cA Study of the Wisdom Chapter (Prajnaparamita Pariccheda) Bodhic\u0101ryavt\u0101rapa\u00f1jik\u0101 of Praj\u00f1\u0101karamati.\u201d Australian National University. <a href=\"https:\/\/openresearch-repository.anu.edu.au\/handle\/1885\/110199\">openresearch-repository.anu.edu.au<\/a>&nbsp;(Way of Bodhisattva chapter 9 commentary by Prajnakaramati)<\/li>\n<li>Parmananda Sharma, and Prajn\u0303a\u0304karamati. 1990. <em>S\u0301a\u0304ntide\u0304va\u2019s Bodhicharya\u0304vata\u0304ra: Original Sanskrit Text with English Translation and Exposition Based on Prajn\u0303a\u0304karmati\u2019s Pan\u0303jika\u0304. <\/em>New Delhi: Aditya Prakashan. (source Sanskrit) (BQ 3142 .E5 S27 1990 <a href=\"https:\/\/maitripa.populiweb.com\/library\/resource.php?resourceID=8319685\">JABL<\/a>) (<a href=\"https:\/\/tibetan.works\/etext\/reader.php?collection=tengyur&amp;index=3872\">Tibetan<\/a>) (<a href=\"http:\/\/gretil.sub.uni-goettingen.de\/gretil\/1_sanskr\/6_sastra\/3_phil\/buddh\/bsa054_u.htm\">Sanskrit<\/a>)<\/li>\n<li>Wallace, Vesna A. and B. Alan Wallace, trans. 1997. <em>A Guide to the Bodhisattva Way of Life = Bodhicarya\u0304vata\u0304ra.<\/em> Ithaca, NY: Snow Lion Publications. (BQ 3142 .E5 W36 1997 <a href=\"https:\/\/maitripa.populiweb.com\/library\/resource.php?resourceID=8309779\">JABL<\/a>) (source Sanskrit and Tibetan)<\/li>\n<\/ul>\n<\/div><\/div><\/div><div class=\"fusion-layout-column fusion_builder_column fusion-builder-column-6 fusion_builder_column_1_3 1_3 fusion-flex-column\" style=\"--awb-bg-size:cover;--awb-width-large:33.333333333333%;--awb-margin-top-large:0px;--awb-spacing-right-large:3.84%;--awb-margin-bottom-large:0px;--awb-spacing-left-large:5.76%;--awb-width-medium:33.333333333333%;--awb-spacing-right-medium:3.84%;--awb-spacing-left-medium:5.76%;--awb-width-small:100%;--awb-spacing-right-small:1.92%;--awb-spacing-left-small:1.92%;\"><div class=\"fusion-column-wrapper fusion-flex-justify-content-flex-start fusion-content-layout-column\"><div class=\"fusion-text fusion-text-7\"><p><strong>\u015aik\u1e63\u0101samuccaya<\/strong><br \/>\nCompendium of Training or Compendium of Precepts<br \/>\nbslab pa kun las btus pa&#8217;i tshig le&#8217;ur bya ba<br \/>\n\u0f56\u0f66\u0fb3\u0f56\u0f0b\u0f54\u0f0b\u0f40\u0f74\u0f53\u0f0b\u0f63\u0f66\u0f0b\u0f56\u0f4f\u0f74\u0f66\u0f0b\u0f54\u0f60\u0f72\u0f0b\u0f5a\u0f72\u0f42\u0f0b\u0f63\u0f7a\u0f60\u0f74\u0f62\u0f0b\u0f56\u0fb1\u0f66\u0f0b\u0f54\u0f0b<br \/>\n<a href=\"https:\/\/tibetan.works\/etext\/reader.php?collection=tengyur&amp;index=3939\">Tibetan<\/a> &nbsp;<a href=\"http:\/\/gretil.sub.uni-goettingen.de\/gretil\/1_sanskr\/6_sastra\/3_phil\/buddh\/bsa014_u.htm\">Sanskrit<\/a><\/p>\n<\/div><\/div><\/div><div class=\"fusion-layout-column fusion_builder_column fusion-builder-column-7 fusion_builder_column_2_3 2_3 fusion-flex-column\" style=\"--awb-bg-size:cover;--awb-width-large:66.666666666667%;--awb-margin-top-large:0px;--awb-spacing-right-large:2.88%;--awb-margin-bottom-large:0px;--awb-spacing-left-large:3.84%;--awb-width-medium:66.666666666667%;--awb-spacing-right-medium:2.88%;--awb-spacing-left-medium:3.84%;--awb-width-small:100%;--awb-spacing-right-small:1.92%;--awb-spacing-left-small:1.92%;\"><div class=\"fusion-column-wrapper fusion-flex-justify-content-flex-start fusion-content-layout-column\"><div class=\"fusion-text fusion-text-8\"><ul>\n<li>S\u0301a\u0304ntideva, Cecil Bendall, and W. H. D. Rouse. 2006. <em>S\u0301iks\u0325a\u0304 samuccaya: A Compendium of Buddhist Doctrine<\/em>. Motilal Banarsidass. <a href=\"https:\/\/maitripa.populiweb.com\/library\/resource.php?resourceID=8312815\">JABL<\/a><\/li>\n<li>S\u0301a\u0304ntideva, and Charles Goodman. 2016. T<em>he Training Anthology of S\u0301a\u0304ntideva: Translation of the S\u0301iks\u0323a\u0304-Samuccaya.<\/em> Oxford University Press. <a href=\"https:\/\/maitripa.populiweb.com\/library\/resource.php?resourceID=8344598\">JABL<\/a><\/li>\n<\/ul>\n<\/div><\/div><\/div><\/div><\/div><div class=\"fusion-fullwidth fullwidth-box fusion-builder-row-4 fusion-flex-container has-pattern-background has-mask-background nonhundred-percent-fullwidth non-hundred-percent-height-scrolling\" style=\"--awb-border-radius-top-left:0px;--awb-border-radius-top-right:0px;--awb-border-radius-bottom-right:0px;--awb-border-radius-bottom-left:0px;--awb-background-color:#f1f1f1;--awb-flex-wrap:wrap;\" ><div class=\"fusion-builder-row fusion-row fusion-flex-align-items-flex-start fusion-flex-content-wrap\" style=\"max-width:104%;margin-left: calc(-4% \/ 2 );margin-right: calc(-4% \/ 2 );\"><div class=\"fusion-layout-column fusion_builder_column fusion-builder-column-8 fusion_builder_column_1_1 1_1 fusion-flex-column\" style=\"--awb-bg-size:cover;--awb-width-large:100%;--awb-margin-top-large:0px;--awb-spacing-right-large:1.92%;--awb-margin-bottom-large:0px;--awb-spacing-left-large:1.92%;--awb-width-medium:100%;--awb-spacing-right-medium:1.92%;--awb-spacing-left-medium:1.92%;--awb-width-small:100%;--awb-spacing-right-small:1.92%;--awb-spacing-left-small:1.92%;\"><div class=\"fusion-column-wrapper fusion-flex-justify-content-flex-start fusion-content-layout-column\"><div class=\"fusion-text fusion-text-9\"><hr>\n<h5><span style=\"color: #000000\">Nalanda Masters Quick Links<\/span><\/h5>\n<h5><a href=\"https:\/\/maitripa.org\/library\/subject-guides\/madhyamaka\/source-treatises-of-madhyamaka\/nagarjuna\/\" target=\"_blank\" rel=\"noopener\">Na\u0304ga\u0304rjuna<\/a>&nbsp;&nbsp; |&nbsp;&nbsp; <a href=\"https:\/\/maitripa.org\/library\/subject-guides\/madhyamaka\/source-treatises-of-madhyamaka\/bhavaviveka\/\" target=\"_blank\" rel=\"noopener\">Bha\u0304vaviveka<\/a>&nbsp;&nbsp; | &nbsp;&nbsp;<a href=\"https:\/\/maitripa.org\/library\/subject-guides\/madhyamaka\/source-treatises-of-madhyamaka\/santaraksita\/\" target=\"_blank\" rel=\"noopener\">S\u0301a\u0304ntaraks\u0323ita<\/a>&nbsp;&nbsp; | &nbsp;&nbsp;<a href=\"https:\/\/maitripa.org\/library\/subject-guides\/madhyamaka\/source-treatises-of-madhyamaka\/aryadeva\/\" target=\"_blank\" rel=\"noopener\">A\u0304ryadeva&nbsp;<\/a>&nbsp;|&nbsp;&nbsp;<a href=\"https:\/\/maitripa.org\/library\/subject-guides\/madhyamaka\/source-treatises-of-madhyamaka\/candrakirti\/\" target=\"_blank\" rel=\"noopener\"> Candrak\u012brti<\/a>&nbsp; |&nbsp;&nbsp;&nbsp;<a href=\"https:\/\/maitripa.org\/library\/subject-guides\/madhyamaka\/source-treatises-of-madhyamaka\/kamalasila\/\" target=\"_blank\" rel=\"noopener\">Kamalas\u0301i\u0304la<\/a>&nbsp;&nbsp;&nbsp;|&nbsp; &nbsp;<a href=\"https:\/\/maitripa.org\/library\/subject-guides\/madhyamaka\/source-treatises-of-madhyamaka\/buddhapalita\/\" target=\"_blank\" rel=\"noopener\">Buddhapa\u0304lita<\/a>&nbsp;&nbsp; | &nbsp;&nbsp;<a href=\"https:\/\/maitripa.org\/library\/subject-guides\/madhyamaka\/source-treatises-of-madhyamaka\/santideva\/\" target=\"_blank\" rel=\"noopener\">S\u0301a\u0304ntideva&nbsp;<\/a>&nbsp; |&nbsp; &nbsp;<a href=\"https:\/\/maitripa.org\/library\/subject-guides\/madhyamaka\/source-treatises-of-madhyamaka\/atisa\/\" target=\"_blank\" rel=\"noopener\">At\u012b\u015ba&nbsp;<\/a>&nbsp;<\/h5>\n<\/div><\/div><\/div><\/div><\/div>\n<div class=\"fusion-fullwidth fullwidth-box fusion-builder-row-5 fusion-flex-container has-pattern-background has-mask-background nonhundred-percent-fullwidth non-hundred-percent-height-scrolling\" style=\"--awb-border-radius-top-left:0px;--awb-border-radius-top-right:0px;--awb-border-radius-bottom-right:0px;--awb-border-radius-bottom-left:0px;--awb-background-color:#f1f1f1;--awb-flex-wrap:wrap;\" ><div class=\"fusion-builder-row fusion-row fusion-flex-align-items-flex-start fusion-flex-content-wrap\" style=\"max-width:104%;margin-left: calc(-4% \/ 2 );margin-right: calc(-4% \/ 2 );\"><div class=\"fusion-layout-column fusion_builder_column fusion-builder-column-9 fusion_builder_column_1_1 1_1 fusion-flex-column\" style=\"--awb-bg-size:cover;--awb-width-large:100%;--awb-margin-top-large:0px;--awb-spacing-right-large:1.92%;--awb-margin-bottom-large:0px;--awb-spacing-left-large:1.92%;--awb-width-medium:100%;--awb-spacing-right-medium:1.92%;--awb-spacing-left-medium:1.92%;--awb-width-small:100%;--awb-spacing-right-small:1.92%;--awb-spacing-left-small:1.92%;\"><div class=\"fusion-column-wrapper fusion-flex-justify-content-flex-start fusion-content-layout-column\"><div class=\"fusion-text fusion-text-10\"><hr>\n<h5><span style=\"color: #000000\">Madhyamaka Resources Quick Links<\/span><\/h5>\n<h5 style=\"text-align: center\"><a href=\"https:\/\/maitripa.org\/library\/subject-guides\/madhyamaka\/\" target=\"_blank\" rel=\"noopener\">Madhyamaka Home Page<\/a>&nbsp;&nbsp; |&nbsp;&nbsp; <a href=\"https:\/\/maitripa.org\/library\/subject-guides\/madhyamaka\/madhyamaka-overview\/\" target=\"_blank\" rel=\"noopener\">Madhyamaka Overview<\/a> &nbsp;&nbsp;|&nbsp;&nbsp;<a href=\"https:\/\/maitripa.org\/library\/subject-guides\/madhyamaka\/tsong-kha-pas-life-works\/\" target=\"_blank\" rel=\"noopener\"> Tsong-kha-pa\u2019s Life &amp; Works<\/a>&nbsp;&nbsp; |&nbsp;&nbsp; <a href=\"https:\/\/maitripa.org\/library\/subject-guides\/madhyamaka\/nalanda-masters\/\" target=\"_blank\" rel=\"noopener\">Nalanda Masters<\/a>&nbsp;&nbsp; |&nbsp;&nbsp; <a href=\"https:\/\/maitripa.org\/library\/subject-guides\/madhyamaka\/source-treatises-of-madhyamaka\/\" target=\"_blank\" rel=\"noopener\">Indian Madhyamaka Treatises<\/a>&nbsp;&nbsp; |&nbsp;&nbsp;<a href=\"https:\/\/maitripa.org\/library\/subject-guides\/madhyamaka\/hermenutics-sutra-sources-for-madhyamaka\/\" target=\"_blank\" rel=\"noopener\"> Sutra Sources <\/a>&nbsp;&nbsp;|&nbsp;&nbsp; <a href=\"https:\/\/maitripa.org\/library\/subject-guides\/madhyamaka\/madhyamaka-contemporary-academic-scholarship\/\" target=\"_blank\" rel=\"noopener\">Contemporary Academic Scholarship&nbsp;<\/a> |&nbsp;&nbsp; <a href=\"https:\/\/maitripa.org\/library\/subject-guides\/madhyamaka\/madhyamaka-media-resources\/\" target=\"_blank\" rel=\"noopener\">Media Resources<\/a><\/h5>\n<\/div><\/div><\/div><\/div><\/div>\n<\/p>\n","protected":false},"excerpt":{"rendered":"","protected":false},"author":1,"featured_media":0,"parent":219,"menu_order":0,"comment_status":"closed","ping_status":"closed","template":"","meta":{"ngg_post_thumbnail":0,"footnotes":""},"class_list":["post-401","page","type-page","status-publish","hentry"],"_links":{"self":[{"href":"https:\/\/maitripa.org\/library\/wp-json\/wp\/v2\/pages\/401","targetHints":{"allow":["GET"]}}],"collection":[{"href":"https:\/\/maitripa.org\/library\/wp-json\/wp\/v2\/pages"}],"about":[{"href":"https:\/\/maitripa.org\/library\/wp-json\/wp\/v2\/types\/page"}],"author":[{"embeddable":true,"href":"https:\/\/maitripa.org\/library\/wp-json\/wp\/v2\/users\/1"}],"replies":[{"embeddable":true,"href":"https:\/\/maitripa.org\/library\/wp-json\/wp\/v2\/comments?post=401"}],"version-history":[{"count":5,"href":"https:\/\/maitripa.org\/library\/wp-json\/wp\/v2\/pages\/401\/revisions"}],"predecessor-version":[{"id":1500,"href":"https:\/\/maitripa.org\/library\/wp-json\/wp\/v2\/pages\/401\/revisions\/1500"}],"up":[{"embeddable":true,"href":"https:\/\/maitripa.org\/library\/wp-json\/wp\/v2\/pages\/219"}],"wp:attachment":[{"href":"https:\/\/maitripa.org\/library\/wp-json\/wp\/v2\/media?parent=401"}],"curies":[{"name":"wp","href":"https:\/\/api.w.org\/{rel}","templated":true}]}}