{"id":2017,"date":"2024-02-09T00:42:06","date_gmt":"2024-02-09T00:42:06","guid":{"rendered":"https:\/\/maitripa.org\/library\/?page_id=2017"},"modified":"2024-02-29T22:14:58","modified_gmt":"2024-02-29T22:14:58","slug":"tibetan-medicine","status":"publish","type":"page","link":"https:\/\/maitripa.org\/library\/subject-guides\/tibetan-medicine\/","title":{"rendered":"Tibetan Medicine"},"content":{"rendered":"<p><div class=\"fusion-fullwidth fullwidth-box fusion-builder-row-1 fusion-flex-container has-pattern-background has-mask-background nonhundred-percent-fullwidth non-hundred-percent-height-scrolling\" style=\"--awb-border-radius-top-left:0px;--awb-border-radius-top-right:0px;--awb-border-radius-bottom-right:0px;--awb-border-radius-bottom-left:0px;--awb-flex-wrap:wrap;\" ><div class=\"fusion-builder-row fusion-row fusion-flex-align-items-flex-start fusion-flex-content-wrap\" style=\"max-width:104%;margin-left: calc(-4% \/ 2 );margin-right: calc(-4% \/ 2 );\"><div class=\"fusion-layout-column fusion_builder_column fusion-builder-column-0 fusion_builder_column_1_1 1_1 fusion-flex-column\" style=\"--awb-bg-size:cover;--awb-width-large:100%;--awb-margin-top-large:0px;--awb-spacing-right-large:1.92%;--awb-margin-bottom-large:10px;--awb-spacing-left-large:1.92%;--awb-width-medium:100%;--awb-order-medium:0;--awb-spacing-right-medium:1.92%;--awb-spacing-left-medium:1.92%;--awb-width-small:100%;--awb-order-small:0;--awb-spacing-right-small:1.92%;--awb-spacing-left-small:1.92%;\"><div class=\"fusion-column-wrapper fusion-column-has-shadow fusion-flex-justify-content-flex-start fusion-content-layout-column\"><div class=\"fusion-text fusion-text-1\"><blockquote>\n<p>Sowa Rigpa (\u0f42\u0f66\u0f7c\u0f0b\u0f56\u0f0b\u0f62\u0f72\u0f42\u0f0b\u0f54\u0f0d) is the Tibetan language word for the traditional medical system of Tibet, with roots dating back more than 2000 years. One of the oldest healing traditions in the world, it remains fully alive and intact today, having preserved its authenticity through the pure lineage of transmission.&#8221; &#8212;<a href=\"https:\/\/www.sowarigpainstitute.org\/sowa-rigpa\" target=\"_blank\" rel=\"noopener\">Sowa Rigpa Institute<\/a> (Dr. Nida Chenagtsang)<\/p>\n<\/blockquote>\n<\/div><\/div><\/div><\/div><\/div><div class=\"fusion-fullwidth fullwidth-box fusion-builder-row-2 fusion-flex-container has-pattern-background has-mask-background nonhundred-percent-fullwidth non-hundred-percent-height-scrolling\" style=\"--awb-border-radius-top-left:0px;--awb-border-radius-top-right:0px;--awb-border-radius-bottom-right:0px;--awb-border-radius-bottom-left:0px;--awb-flex-wrap:wrap;\" ><div class=\"fusion-builder-row fusion-row fusion-flex-align-items-flex-start fusion-flex-content-wrap\" style=\"max-width:104%;margin-left: calc(-4% \/ 2 );margin-right: calc(-4% \/ 2 );\"><div class=\"fusion-layout-column fusion_builder_column fusion-builder-column-1 fusion_builder_column_1_1 1_1 fusion-flex-column\" style=\"--awb-bg-size:cover;--awb-width-large:100%;--awb-margin-top-large:0px;--awb-spacing-right-large:1.92%;--awb-margin-bottom-large:10px;--awb-spacing-left-large:1.92%;--awb-width-medium:100%;--awb-order-medium:0;--awb-spacing-right-medium:1.92%;--awb-spacing-left-medium:1.92%;--awb-width-small:100%;--awb-order-small:0;--awb-spacing-right-small:1.92%;--awb-spacing-left-small:1.92%;\"><div class=\"fusion-column-wrapper fusion-column-has-shadow fusion-flex-justify-content-flex-start fusion-content-layout-column\"><div class=\"fusion-text fusion-text-2\"><hr>\n<h5 style=\"text-align: left;\">Sections<\/h5>\n<h5 style=\"text-align: left;\"><a href=\"#sowarigpa\">Sowa Rigpa<\/a>&nbsp; &nbsp;|&nbsp; &nbsp;<a href=\"#treatise\">Treatise &#8211; The Four Tantras<\/a>&nbsp; &nbsp;|&nbsp; &nbsp;<a href=\"#titles\">Contemporary Titles<\/a>&nbsp; &nbsp;|&nbsp; &nbsp;<a href=\"#media\">Media<\/a><\/h5>\n<hr>\n<\/div><\/div><\/div><\/div><\/div><div class=\"fusion-fullwidth fullwidth-box fusion-builder-row-3 fusion-flex-container has-pattern-background has-mask-background nonhundred-percent-fullwidth non-hundred-percent-height-scrolling\" style=\"--awb-border-radius-top-left:0px;--awb-border-radius-top-right:0px;--awb-border-radius-bottom-right:0px;--awb-border-radius-bottom-left:0px;--awb-flex-wrap:wrap;\" ><div class=\"fusion-builder-row fusion-row fusion-flex-align-items-flex-start fusion-flex-content-wrap\" style=\"max-width:104%;margin-left: calc(-4% \/ 2 );margin-right: calc(-4% \/ 2 );\"><div class=\"fusion-layout-column fusion_builder_column fusion-builder-column-2 fusion_builder_column_1_1 1_1 fusion-flex-column\" style=\"--awb-bg-size:cover;--awb-width-large:100%;--awb-margin-top-large:0px;--awb-spacing-right-large:1.92%;--awb-margin-bottom-large:10px;--awb-spacing-left-large:1.92%;--awb-width-medium:100%;--awb-order-medium:0;--awb-spacing-right-medium:1.92%;--awb-spacing-left-medium:1.92%;--awb-width-small:100%;--awb-order-small:0;--awb-spacing-right-small:1.92%;--awb-spacing-left-small:1.92%;\"><div class=\"fusion-column-wrapper fusion-column-has-shadow fusion-flex-justify-content-flex-start fusion-content-layout-column\"><div class=\"fusion-menu-anchor\" id=\"sowarigpa\"><\/div><div class=\"fusion-text fusion-text-3\"><h3>Sowa-Rigpa<\/h3>\n<p><span class=\"uchen\" lang=\"bo\">\u0f56\u0f7c\u0f51\u0f0b\u0f40\u0fb1\u0f72\u0f0b\u0f42\u0f66\u0f7c\u0f0b\u0f56\u0f0b\u0f62\u0f72\u0f42\u0f0b\u0f54<br \/>\n<\/span>bod kyi gso ba rig pa<br \/>\ntraditional Tibetan medicine<\/p>\n<ul>\n<li>Sowa Rigpa Institute (<a href=\"https:\/\/www.sowarigpainstitute.org\/sowa-rigpa\" target=\"_blank\" rel=\"noopener\">sowarigpainstitute<\/a>)<\/li>\n<li>Men Tsee Khang Tibetan Medical and Astro. Institute (<a href=\"https:\/\/mentseekhang.org\/\">mentseekhang<\/a>)<\/li>\n<\/ul>\n<\/div><\/div><\/div><\/div><\/div><div class=\"fusion-fullwidth fullwidth-box fusion-builder-row-4 fusion-flex-container has-pattern-background has-mask-background nonhundred-percent-fullwidth non-hundred-percent-height-scrolling\" style=\"--awb-border-radius-top-left:0px;--awb-border-radius-top-right:0px;--awb-border-radius-bottom-right:0px;--awb-border-radius-bottom-left:0px;--awb-flex-wrap:wrap;\" ><div class=\"fusion-builder-row fusion-row fusion-flex-align-items-flex-start fusion-flex-content-wrap\" style=\"max-width:104%;margin-left: calc(-4% \/ 2 );margin-right: calc(-4% \/ 2 );\"><div class=\"fusion-layout-column fusion_builder_column fusion-builder-column-3 fusion_builder_column_1_1 1_1 fusion-flex-column\" style=\"--awb-bg-size:cover;--awb-width-large:100%;--awb-margin-top-large:0px;--awb-spacing-right-large:1.92%;--awb-margin-bottom-large:10px;--awb-spacing-left-large:1.92%;--awb-width-medium:100%;--awb-order-medium:0;--awb-spacing-right-medium:1.92%;--awb-spacing-left-medium:1.92%;--awb-width-small:100%;--awb-order-small:0;--awb-spacing-right-small:1.92%;--awb-spacing-left-small:1.92%;\"><div class=\"fusion-column-wrapper fusion-column-has-shadow fusion-flex-justify-content-flex-start fusion-content-layout-column\"><div class=\"fusion-menu-anchor\" id=\"treatise\"><\/div><div class=\"fusion-text fusion-text-4\"><h3>Treatise &#8211; The Four Tantras<\/h3>\n<p>\u0f62\u0f92\u0fb1\u0f74\u0f51\u0f0b\u0f56\u0f5e\u0f72\u0f0b (rgyud zhi), Gyuzhi<br \/>\nby Yuthok Y\u00f6nten G\u00f6npo the Elder (729-854 ), rev. by Yuthok Y\u00f6nten G\u00f6npo the Younger (1126-1202)<\/p>\n<ul>\n<li class=\"main\">The Root Tantra<\/li>\n<li class=\"main\">The Explanatory Tantra<\/li>\n<li class=\"main\">The Oral Instruction Tantra<\/li>\n<li class=\"main\">The Last\/Subsequent Tantra<\/li>\n<\/ul>\n<p><strong>About<\/strong> (<a href=\"https:\/\/mentseekhang.org\/tibetan-medical-treatise\/\" target=\"_blank\" rel=\"noopener\">Men Tsee Khang<\/a>)<\/p>\n<p align=\"justify\"><strong>Translations<\/strong><\/p>\n<ul>\n<li>G\u02b9yu-thog Yon-tan-mgon-po. 2011<em>. The Subsequent Tantra from the Secret Quintessential Instructions on the Eight Branches of the Ambrosia Essence Tantra.<\/em> Men-Tsee-Khang Publications. <a href=\"https:\/\/maitripa.populiweb.com\/router\/library\/resources\/14145750\/show\">JABL<\/a><\/li>\n<li>G\u02b9yu-thog Yon-tan-mgon-po. 2017.<em>The Oral Instruction Tantra from the Secret Quintessential Instructions on the Eight Branches of the Ambrosia Essence Tantra.<\/em> Men-Tsee-Khang Publications. <a href=\"https:\/\/maitripa.populiweb.com\/router\/library\/resources\/14145749\/show\">JABL<\/a><\/li>\n<\/ul>\n<\/div><\/div><\/div><\/div><\/div><div class=\"fusion-fullwidth fullwidth-box fusion-builder-row-5 fusion-flex-container has-pattern-background has-mask-background nonhundred-percent-fullwidth non-hundred-percent-height-scrolling\" style=\"--awb-border-radius-top-left:0px;--awb-border-radius-top-right:0px;--awb-border-radius-bottom-right:0px;--awb-border-radius-bottom-left:0px;--awb-flex-wrap:wrap;\" ><div class=\"fusion-builder-row fusion-row fusion-flex-align-items-flex-start fusion-flex-content-wrap\" style=\"max-width:104%;margin-left: calc(-4% \/ 2 );margin-right: calc(-4% \/ 2 );\"><div class=\"fusion-layout-column fusion_builder_column fusion-builder-column-4 fusion_builder_column_1_1 1_1 fusion-flex-column\" style=\"--awb-bg-size:cover;--awb-width-large:100%;--awb-margin-top-large:0px;--awb-spacing-right-large:1.92%;--awb-margin-bottom-large:10px;--awb-spacing-left-large:1.92%;--awb-width-medium:100%;--awb-order-medium:0;--awb-spacing-right-medium:1.92%;--awb-spacing-left-medium:1.92%;--awb-width-small:100%;--awb-order-small:0;--awb-spacing-right-small:1.92%;--awb-spacing-left-small:1.92%;\"><div class=\"fusion-column-wrapper fusion-column-has-shadow fusion-flex-justify-content-flex-start fusion-content-layout-column\"><div class=\"fusion-menu-anchor\" id=\"titles\"><\/div><div class=\"fusion-text fusion-text-5\"><h3>Contemporary Titles<\/h3>\n<\/div><div class=\"fusion-text fusion-text-6\"><p>Bod Gzhung Dbus Sman-rtsis-khang (Dharamsala, India). 2008. <em>The Basic Tantra and the Explanatory Tantra from the Secret Quintessential Instructions on the Eight Branches of the Ambrosia Essence Tantra<\/em>. Men-Tsee-Khang. <a href=\"https:\/\/search.worldcat.org\/title\/273833809\">WorldCat<\/a><\/p>\n<p>Bstan-\u02bcdzin-grags-pa. 2007. <em>Science of Healing<\/em><em>: A Comprehensive Commentary on the Root Tantra and Diagnostic Techniques of Tibetan Medicine<\/em>. Dorrance Publishing. <a href=\"https:\/\/maitripa.populiweb.com\/router\/library\/resources\/14145653\/show\">JABL<\/a><\/p>\n<p>Cameron, Miriam E. and Tenzin Namdul. 2020. <em>Tibetan Medicine and You: A Path to Wellbeing, Better Health and Joy<\/em>. Rowman &amp; Littlefield. <a href=\"https:\/\/maitripa.populiweb.com\/router\/library\/resources\/14145596\/show\">JABL<\/a><\/p>\n<p>Clark, Barry. 2014. <em>The Quintessence Tantras of Tibetan Medicine<\/em>. Shambhala. <a href=\"https:\/\/maitripa.populiweb.com\/router\/library\/resources\/8632520\/show\">JABL<\/a><\/p>\n<p>Craig, Sienna R. 2012. <em>Healing Elements: Efficacy and the Social Ecologies of Tibetan Medicine.<\/em> University Of California Press.<\/p>\n<p>Dash Bhagwan. 1994. <em>Encyclopaedia of Tibetan Medicine: Being the Tibetan Text of Rgyud Bz\u0301i and Sanskrit Restoration of Amr\u0325ta Hr\u0325daya As\u0323ta\u0304n\u0307ga Guhyopades\u0301a Tantra and Expository Translation in English<\/em>. Sri Satguru Publications. <a href=\"https:\/\/search.worldcat.org\/title\/31331039\">WorldCat<\/a><\/p>\n<p>Ga Yang. 2010. \u201cThe Sources for the Writing of the \u2018Rgyud Bzhi\u2019 Tibetan Medical Classic.\u201d Dissertation. Harvard University. <a href=\"https:\/\/search.worldcat.org\/title\/655647575\">WorldCat<\/a><\/p>\n<p>Gyatso, Janet. 2015. <em>Being Human in a Buddhist World: An Intellectual History of Medicine in Early Modern Tibet<\/em>. Columbia University Press. <a href=\"https:\/\/maitripa.populiweb.com\/router\/library\/resources\/8329705\/show\">JABL<\/a><\/p>\n<p>Nyi-zla He-ru-ka, Lce-nag-tshang and Jacqueline Yu. 2018. The Tibetan Book of Health: Sowa Rigpa, the Science of Healing. Tibet House; Sky Press. <a href=\"https:\/\/maitripa.populiweb.com\/router\/library\/resources\/14145608\/show\">JABL<\/a><\/p>\n<p>Salguero, C Pierce. 2017. <em>Buddhism and Medicine: An Anthology of Premodern Sources<\/em>. Columbia University Press. <a href=\"https:\/\/maitripa.populiweb.com\/router\/library\/resources\/14145339\/show\">JABL<\/a><\/p>\n<p>Tenzin Dakpa and Bhuchung D Sonam. 2007.<em> Tibetan Medicinal Plants: An Illustrated Guide to Identification and Practical Use. <\/em>Paljor. <a href=\"https:\/\/maitripa.populiweb.com\/router\/library\/resources\/14145617\/show\">JABL<\/a><\/p>\n<p>Vincanne Adams, Mona Schrempf, and Sienna R Craig. 2011. <em>Medicine between Science and Religion: Explorations on Tibetan Grounds<\/em>. Berghahn Books .<a href=\"https:\/\/maitripa.populiweb.com\/router\/library\/resources\/14145414\/show\">JABL<\/a><\/p>\n<p>Yeshi Donden and Jeffrey Hopkins. 1986. <em>Health through Balance : An Introduction to Tibetan Medicine<\/em>. &nbsp;Snow Lion. <a href=\"https:\/\/maitripa.populiweb.com\/router\/library\/resources\/8308849\/show\">JABL<\/a><\/p>\n<\/div><\/div><\/div><\/div><\/div><div class=\"fusion-fullwidth fullwidth-box fusion-builder-row-6 fusion-flex-container has-pattern-background has-mask-background nonhundred-percent-fullwidth non-hundred-percent-height-scrolling\" style=\"--awb-border-radius-top-left:0px;--awb-border-radius-top-right:0px;--awb-border-radius-bottom-right:0px;--awb-border-radius-bottom-left:0px;--awb-flex-wrap:wrap;\" ><div class=\"fusion-builder-row fusion-row fusion-flex-align-items-flex-start fusion-flex-content-wrap\" style=\"max-width:104%;margin-left: calc(-4% \/ 2 );margin-right: calc(-4% \/ 2 );\"><div class=\"fusion-layout-column fusion_builder_column fusion-builder-column-5 fusion_builder_column_1_1 1_1 fusion-flex-column\" style=\"--awb-bg-size:cover;--awb-width-large:100%;--awb-margin-top-large:0px;--awb-spacing-right-large:1.92%;--awb-margin-bottom-large:10px;--awb-spacing-left-large:1.92%;--awb-width-medium:100%;--awb-order-medium:0;--awb-spacing-right-medium:1.92%;--awb-spacing-left-medium:1.92%;--awb-width-small:100%;--awb-order-small:0;--awb-spacing-right-small:1.92%;--awb-spacing-left-small:1.92%;\"><div class=\"fusion-column-wrapper fusion-column-has-shadow fusion-flex-justify-content-flex-start fusion-content-layout-column\"><div class=\"fusion-menu-anchor\" id=\"media\"><\/div><div class=\"fusion-text fusion-text-7\"><h3 style=\"text-align: left;\">Media<\/h3>\n<\/div><div class=\"fusion-text fusion-text-8\"><p>The knowledge of healing =\u0f42\u0f66\u0f7c\u0f0b\u0f56\u0f0b\u0f62\u0f72\u0f42\u0f0b\u0f54\u0f0b=gso ba rig pa. A film by Franz Reichle ; featuring Tenzin Gyatso, Dalai Lama XIV, Tenzin Choedrak, Tschimit-Dorschi Dugarow, and Karl Lutz. <a href=\"https:\/\/www.amazon.com\/Knowledge-Healing-XIV-Tenzin-Gyatso\/dp\/B004P3T4OQ\/\">Amazon<\/a> &#8211; <a href=\"https:\/\/icarusfilms.com\/if-know\">Icarus Films<\/a> &#8211; <a href=\"https:\/\/maitripa.populiweb.com\/router\/library\/resources\/14145125\/show\">JABL<\/a> (dvd)<\/p>\n<\/div><\/div><\/div><\/div><\/div><div class=\"fusion-fullwidth fullwidth-box fusion-builder-row-7 fusion-flex-container has-pattern-background has-mask-background nonhundred-percent-fullwidth non-hundred-percent-height-scrolling\" style=\"--awb-border-radius-top-left:0px;--awb-border-radius-top-right:0px;--awb-border-radius-bottom-right:0px;--awb-border-radius-bottom-left:0px;--awb-background-color:#f1f1f1;--awb-flex-wrap:wrap;\" ><div class=\"fusion-builder-row fusion-row fusion-flex-align-items-flex-start fusion-flex-content-wrap\" style=\"max-width:104%;margin-left: calc(-4% \/ 2 );margin-right: calc(-4% \/ 2 );\"><div class=\"fusion-layout-column fusion_builder_column fusion-builder-column-6 fusion_builder_column_1_1 1_1 fusion-flex-column\" style=\"--awb-bg-size:cover;--awb-width-large:100%;--awb-margin-top-large:0px;--awb-spacing-right-large:1.92%;--awb-margin-bottom-large:0px;--awb-spacing-left-large:1.92%;--awb-width-medium:100%;--awb-spacing-right-medium:1.92%;--awb-spacing-left-medium:1.92%;--awb-width-small:100%;--awb-spacing-right-small:1.92%;--awb-spacing-left-small:1.92%;\"><div class=\"fusion-column-wrapper fusion-flex-justify-content-flex-start fusion-content-layout-column\"><div class=\"fusion-text fusion-text-9\"><p>&nbsp;<\/p>\n<hr>\n<p>&nbsp;<\/p>\n<h5>Subject Guides<\/h5>\n<h5 style=\"text-align: center\"><a href=\"https:\/\/maitripa.org\/library\/subject-guides\/action-research-project\/\">Action Research Project<\/a>&nbsp;&nbsp; |&nbsp;&nbsp; <a href=\"https:\/\/maitripa.org\/library\/subject-guides\/bodhisattva-ethics\/\">Bodhisattva Ethics<\/a>&nbsp;&nbsp; |&nbsp;&nbsp; <a href=\"https:\/\/maitripa.org\/library\/subject-guides\/buddha-nature\/\">Buddha Nature<\/a>&nbsp;&nbsp; |&nbsp;&nbsp; <a href=\"https:\/\/maitripa.org\/library\/subject-guides\/buddhist-psychology\/\">Buddhist Psychology<\/a>&nbsp;&nbsp; |&nbsp;&nbsp; <a href=\"https:\/\/maitripa.org\/library\/subject-guides\/calm-abiding\/\">Calm Abiding<\/a> &nbsp; |&nbsp; &nbsp;<a href=\"https:\/\/maitripa.org\/library\/subject-guides\/chittamatra\/\">Chittamatra<\/a>&nbsp; &nbsp;|&nbsp; &nbsp;<a href=\"https:\/\/maitripa.org\/library\/subject-guides\/classical-tibetan-texts-and-translation\/\">Classical Tibetan, Texts, Translation<\/a>&nbsp;&nbsp; |&nbsp;&nbsp; <a href=\"https:\/\/maitripa.org\/library\/subject-guides\/death-and-dying\/\">Death and Dying<\/a>&nbsp;&nbsp; |&nbsp;&nbsp; <a href=\"https:\/\/maitripa.org\/library\/subject-guides\/ganden-kagyu-mahamudra\/\">Ganden-Kagyu Mahamudra<\/a> &nbsp; |&nbsp; &nbsp;<a href=\"https:\/\/maitripa.org\/library\/subject-guides\/history-of-buddhism-in-india-and-tibet\/\">History of Buddhism in India and Tibet&nbsp;<\/a> &nbsp;|&nbsp; &nbsp;<a href=\"https:\/\/maitripa.org\/library\/subject-guides\/kangyur-and-tengyur\/\">Kangyur and Tengyur<\/a>&nbsp; &nbsp;|&nbsp; &nbsp;<a href=\"https:\/\/maitripa.org\/library\/subject-guides\/lamrim\/\">Lamrim<\/a>&nbsp;&nbsp; |&nbsp;&nbsp; <a href=\"https:\/\/maitripa.org\/library\/subject-guides\/lojong\/\">Lojong<\/a>&nbsp;&nbsp; |&nbsp;&nbsp; <a href=\"https:\/\/maitripa.org\/library\/subject-guides\/madhyamaka\/\">Madhyamaka<\/a> &nbsp; |&nbsp; &nbsp;<a href=\"https:\/\/maitripa.org\/library\/subject-guides\/six-session-guru-yoga-and-highest-yoga-tantra-empowerment\/\" target=\"_blank\" rel=\"noopener\">Six-Session Guru Yoga<\/a>&nbsp; &nbsp;|&nbsp; &nbsp;<a href=\"https:\/\/maitripa.org\/library\/subject-guides\/songs-of-realization\/\">Songs of Realization<\/a>&nbsp;&nbsp; |&nbsp;&nbsp; <a href=\"https:\/\/maitripa.org\/library\/subject-guides\/tantra-in-tibet\/\">Tantra in Tibet<\/a>&nbsp; |&nbsp; <a href=\"https:\/\/maitripa.org\/library\/subject-guides\/theories-and-methods-of-buddhist-studies\/\">Theories and Methods in Buddhist Studies<\/a>&nbsp; &nbsp;|&nbsp; &nbsp;<a href=\"https:\/\/maitripa.org\/library\/subject-guides\/tibetan-medicine\/\">Tibetan Medicine<\/a><\/h5>\n<\/div><\/div><\/div><\/div><\/div>\n<\/p>\n","protected":false},"excerpt":{"rendered":"","protected":false},"author":13,"featured_media":0,"parent":950,"menu_order":0,"comment_status":"closed","ping_status":"closed","template":"","meta":{"ngg_post_thumbnail":0,"footnotes":""},"class_list":["post-2017","page","type-page","status-publish","hentry"],"_links":{"self":[{"href":"https:\/\/maitripa.org\/library\/wp-json\/wp\/v2\/pages\/2017","targetHints":{"allow":["GET"]}}],"collection":[{"href":"https:\/\/maitripa.org\/library\/wp-json\/wp\/v2\/pages"}],"about":[{"href":"https:\/\/maitripa.org\/library\/wp-json\/wp\/v2\/types\/page"}],"author":[{"embeddable":true,"href":"https:\/\/maitripa.org\/library\/wp-json\/wp\/v2\/users\/13"}],"replies":[{"embeddable":true,"href":"https:\/\/maitripa.org\/library\/wp-json\/wp\/v2\/comments?post=2017"}],"version-history":[{"count":5,"href":"https:\/\/maitripa.org\/library\/wp-json\/wp\/v2\/pages\/2017\/revisions"}],"predecessor-version":[{"id":2312,"href":"https:\/\/maitripa.org\/library\/wp-json\/wp\/v2\/pages\/2017\/revisions\/2312"}],"up":[{"embeddable":true,"href":"https:\/\/maitripa.org\/library\/wp-json\/wp\/v2\/pages\/950"}],"wp:attachment":[{"href":"https:\/\/maitripa.org\/library\/wp-json\/wp\/v2\/media?parent=2017"}],"curies":[{"name":"wp","href":"https:\/\/api.w.org\/{rel}","templated":true}]}}