{"id":1017,"date":"2023-07-21T21:01:47","date_gmt":"2023-07-21T21:01:47","guid":{"rendered":"https:\/\/maitripa.org\/library\/?page_id=1017"},"modified":"2026-02-05T20:59:20","modified_gmt":"2026-02-05T20:59:20","slug":"new-arrivals","status":"publish","type":"page","link":"https:\/\/maitripa.org\/library\/new-arrivals\/","title":{"rendered":"New Arrivals"},"content":{"rendered":"<div class=\"fusion-fullwidth fullwidth-box fusion-builder-row-1 fusion-flex-container nonhundred-percent-fullwidth non-hundred-percent-height-scrolling\" style=\"--awb-border-radius-top-left:0px;--awb-border-radius-top-right:0px;--awb-border-radius-bottom-right:0px;--awb-border-radius-bottom-left:0px;--awb-flex-wrap:wrap;\" ><div class=\"fusion-builder-row fusion-row fusion-flex-align-items-flex-start fusion-flex-content-wrap\" style=\"max-width:104%;margin-left: calc(-4% \/ 2 );margin-right: calc(-4% \/ 2 );\"><div class=\"fusion-layout-column fusion_builder_column fusion-builder-column-0 fusion_builder_column_1_1 1_1 fusion-flex-column\" style=\"--awb-bg-size:cover;--awb-width-large:100%;--awb-margin-top-large:0px;--awb-spacing-right-large:1.92%;--awb-margin-bottom-large:0px;--awb-spacing-left-large:1.92%;--awb-width-medium:100%;--awb-spacing-right-medium:1.92%;--awb-spacing-left-medium:1.92%;--awb-width-small:100%;--awb-spacing-right-small:1.92%;--awb-spacing-left-small:1.92%;\"><div class=\"fusion-column-wrapper fusion-flex-justify-content-flex-start fusion-content-layout-column\"><div class=\"fusion-title title fusion-title-1 sep-underline sep-solid fusion-title-text fusion-title-size-one\"><h1 class=\"fusion-title-heading title-heading-left fusion-responsive-typography-calculated\" style=\"margin:0;--fontSize:30;--minFontSize:30;line-height:1.21;\"><h3>New Arrivals (September 2025 &#8211; January 2026)<\/h3><\/h1><\/div><\/div><\/div><div class=\"fusion-layout-column fusion_builder_column fusion-builder-column-1 fusion_builder_column_1_1 1_1 fusion-flex-column\" style=\"--awb-bg-size:cover;--awb-width-large:100%;--awb-margin-top-large:0px;--awb-spacing-right-large:1.92%;--awb-margin-bottom-large:0px;--awb-spacing-left-large:1.92%;--awb-width-medium:100%;--awb-spacing-right-medium:1.92%;--awb-spacing-left-medium:1.92%;--awb-width-small:100%;--awb-spacing-right-small:1.92%;--awb-spacing-left-small:1.92%;\"><div class=\"fusion-column-wrapper fusion-flex-justify-content-flex-start fusion-content-layout-column\"><div class=\"fusion-text fusion-text-1\"><p>Advayavajra, Moks\u0323a\u0304karagupta, Klaus-Dieter Mathes, Pe\u0301ter-Da\u0301niel Sza\u0301nto\u0301, and Sarahapa\u0304da. 2024. <em>Saraha&#8217;s Spontaneous Songs: With the Commentaries by Advayavajra and Moks\u0323a\u0304karagupta. <\/em>Wisdom Publications. <a href=\"https:\/\/maitripa.populiweb.com\/router\/library\/resources\/14146339\">BQ 7699.M34 S2713 2024<\/a><\/p>\n<p>Anagarika Govinda. 1991. <em>Insights of a Himalayan Pilgrim. <\/em>Dharma Pub. <a href=\"https:\/\/maitripa.populiweb.com\/router\/library\/resources\/14146354\">BQ 7612 .G68 1990<\/a><\/p>\n<p>Asa\u1e45ga and Karl Brunnh\u00f6lzl. 2018. <em>A Compendium of the Mah\u0101y\u0101na: Asa<\/em><em>\u1e45<\/em><em>ga&#8217;s Mah\u0101y\u0101nasa<\/em><em>\u1e43<\/em><em>graha and its Indian and Tibetan Commentaries. <\/em>Snow Lion Publications. <a href=\"https:\/\/maitripa.populiweb.com\/router\/library\/resources\/14146395\">BQ 2982.E5 B78 2018 v.1-3<\/a><\/p>\n<p>Behrendt, Kurt A. 2019. <em>How to Read Buddhist Art. <\/em>Metropolitan Museum of Art. <a href=\"https:\/\/maitripa.populiweb.com\/router\/library\/resources\/14145863\">N 8193 .A4 B44 2019<\/a><\/p>\n<p>Blo-bzang-ye-shes-bstan-\u02bcdzin-rgya-mtsho, Khri-byang III. 2018. <em>The Magical Play of Illusion: The Autobiography of Trijang Rinpoch\u00e9. <\/em>Wisdom Publications. <a href=\"https:\/\/maitripa.populiweb.com\/router\/library\/resources\/14146324\">BQ 968 .H74 A3 2018<\/a><\/p>\n<p>Bokar, Rinpoche and Khenpo Donyo. 1994. <em>Profound Wisdom of the Heart Sutra: And Other Teachings. <\/em>ClearPoint Press. <a href=\"https:\/\/maitripa.populiweb.com\/router\/library\/resources\/14146335\">BQ 1967 .B65 1994<\/a><\/p>\n<p>Bokar, Rinpoche. 1993. <em>Death and the Art of Dying in Tibetan Buddhism. <\/em>ClearPoint Press. <a href=\"https:\/\/maitripa.populiweb.com\/router\/library\/resources\/14146334\">BQ 4490 .R56 1993<\/a><\/p>\n<p>Brown, Kathryn Selig and photography by John Bigelow Taylor. 2012. <em>Protecting Wisdom: Tibetan Book Covers from the MacLean Collection. <\/em>MacLean Collection. <a href=\"https:\/\/maitripa.populiweb.com\/router\/library\/resources\/14146350\">NK 1676 .B76 2012<\/a><\/p>\n<p>Brunnho\u0308lzl, Karl. 2018. <em>A Lullaby to Awaken the Heart: The Aspiration Prayer of Samantabhadra and its Tibetan Commentaries. <\/em>Wisdom Publications. <a href=\"https:\/\/maitripa.populiweb.com\/router\/library\/resources\/14146386\">BQ 7662.4 .L85 2018<\/a><\/p>\n<p>Bstan-&#8216;dzin-rgya-mtsho,Jeffrey Hopkins, and Elizabeth Napper. 1984. <em>Kindness, Clarity, and Insight. <\/em>Snow Lion Publications. <a href=\"https:\/\/maitripa.populiweb.com\/router\/library\/resources\/8308969\">BQ 7935 .B774 K56 1984<\/a><\/p>\n<p>Chenagtsang, Nida. 2024. <em>Foundations of Sowa Rigpa: A Guide to the Root Tantra of Tibetan Medicine. <\/em>Sky Press. <a href=\"https:\/\/maitripa.populiweb.com\/router\/library\/resources\/14146344\">R 127.5. R493 .C44<\/a><\/p>\n<p>C\u00fcppers, Christoph, Leonard W. J. van der Kuijp, and Ulrich Pagel. 2012. <em>Handbook of Tibetan Iconometry: A Guide to the Arts of the 17th Century. <\/em>Brill Academic Pub. <a href=\"https:\/\/maitripa.populiweb.com\/router\/library\/resources\/14146351\">NX 583.A3 H35 2012<\/a><\/p>\n<p>Debreczeny, Karl and Elena Pakhoutova, eds. 2023. <em>Himalayan Art in 108 Objects. <\/em>Rubin Museum of Art. <a href=\"https:\/\/maitripa.populiweb.com\/router\/library\/resources\/14146400\">N 7310.8.H5 H56 2023<\/a><\/p>\n<p>Ding, Guanpeng. 1999. <em>The Buddha Scroll. <\/em>Shambhala. <a href=\"https:\/\/maitripa.populiweb.com\/router\/library\/resources\/14146333\">ND 1049.T556 A66 1999<\/a><\/p>\n<p>Duckworth, Douglas, Malcolm David Eckel, Jay L. Garfield, John Powers, Yeshes Thabkhas, Sonam Thakcho\u0308e. 2016. <em>Digna\u0304ga&#8217;s Investigation of the Percept: A Philosophical Legacy in India and Tibet. <\/em>Oxford University Press. <a href=\"https:\/\/maitripa.populiweb.com\/router\/library\/resources\/14146373\">B 133. D653 A5333 2016<\/a><\/p>\n<p>Easton, Chandra. 2023. <em>Embodying Tara: Twenty-one Manifestations to Awaken your Innate Wisdom. <\/em>Shambhala. <a href=\"https:\/\/maitripa.populiweb.com\/router\/library\/resources\/14145882\">BQ 4710. T33 E27 2023<\/a><\/p>\n<p>Floding, Matthew and Dawn Davis. 2024. <em>Experience: Spiritual Formation in Theological Field Education. <\/em>Rowman &amp; Littlefield. <a href=\"https:\/\/maitripa.populiweb.com\/router\/library\/resources\/14146375\">BL 83.78 .E86 2025<\/a><\/p>\n<p>Garfield, Jay L. and Jan Westerhoff. 2015. <em>Madhyamaka and Yogacara: allies or rivals?. <\/em>Oxford University Press. <a href=\"https:\/\/maitripa.populiweb.com\/router\/library\/resources\/14146390\">B 162 .M33 2015<\/a><\/p>\n<p>Gayley, Holly and Andrew Quintman. 2023. <em>Living treasure: Tibetan and Buddhist studies in honor of Janet Gyatso. <\/em>Wisdom Publications. <a href=\"https:\/\/maitripa.populiweb.com\/router\/library\/resources\/14146345\">BQ 120 .L59 2023<\/a><\/p>\n<p>Gayley, Holly and Dominique Townsend, eds. 2024. <em>Longing to awaken: Buddhist devotion in Tibetan poetry and song. <\/em>University of Virginia Press. <a href=\"https:\/\/maitripa.populiweb.com\/router\/library\/resources\/14146401\">PL 3735 .L66 2024<\/a><\/p>\n<p>Germano, William P. and Kit Nicholls. 2020. <em>Syllabus: the remarkable, unremarkable document that changes everything. <\/em>Princeton University Press. <a href=\"https:\/\/maitripa.populiweb.com\/router\/library\/resources\/14146403\">LB 2361 .G45 2022<\/a><\/p>\n<p>Gyurme Dorje, Bsod-nams Dpal-\u02bcbyor, Sde-srid Sangs-rgyas-rgya-mtsho and Smin-gling Lo-chen Dharma-s\u0301ri\u0304. 2001. <em>Tibetan elemental divination paintings: illuminated manuscripts from the White Beryl of Sangs-rgyas rGya-mtsho with the Moonbeams treatise of Lo-chen Dharmas\u0301ri\u0304. <\/em>John Eskenazi in association with Sam Fogg. <a href=\"https:\/\/maitripa.populiweb.com\/router\/library\/resources\/14146349\">ND 3269.T5 T53 2001<\/a><\/p>\n<p>Herrle, Peter, and Anna Wozniak. 2017. <em>Tibetan houses: vernacular architecture of the Himalayas and environs. <\/em>Birkha\u0308user. <a href=\"https:\/\/maitripa.populiweb.com\/router\/library\/resources\/14146346\">NA 7449 .T55 H47 2017<\/a><\/p>\n<p>Higgins, David. 2013. <em>The philosophical foundations of classical rDzogs chen in Tibet: investigating the distinction between dualistic mind (sems) and primordial knowing (ye shes). <\/em>Arbeitskreis f\u00fcr tibetische und buddhistische Studien, Universit\u00e4t Wien. <a href=\"https:\/\/maitripa.populiweb.com\/router\/library\/resources\/14146367\">BQ 7662.2 .H54 2013<\/a><\/p>\n<p>Hookham, S. K. 2021. <em>The guru principle: a guide to the teacher-student relationship in Buddhism. <\/em>Shambhala. <a href=\"https:\/\/maitripa.populiweb.com\/router\/library\/resources\/14146393\">BQ 7756 .H66 2021<\/a><\/p>\n<p>Hsuan Hua. 2020. <em>The wonderful Dharma lotus su\u0304tra: a new translation, with commentary by the Venerable Master Hsuan Hua. <\/em>Buddhist Text Translation Society, Dharma Realm Buddhist University, Dharma Realm Buddhist Association. <a href=\"https:\/\/maitripa.populiweb.com\/router\/library\/resources\/14146389\">BQ 2052.E5 H83 2020 v.1-15<\/a><\/p>\n<p>Hurvitz, Leon, trans. 1976. <em>Scripture of the lotus blossom of the fine dharma. <\/em>Columbia University Press. <a href=\"https:\/\/maitripa.populiweb.com\/router\/library\/resources\/14146329\">BQ 2052 .E5 H87 1976<\/a><\/p>\n<p>Jackson, David. 1996. <em>A History of Tibetan Painting: The Great Tibetan Painters and Their Traditions. <\/em>Verlag der \u00d6sterreichischen Akademie der Wissenschaften. <a href=\"https:\/\/maitripa.populiweb.com\/router\/library\/resources\/14146342\">ND 1432 C58 J33 1996<\/a><\/p>\n<p>Kapstein, Matthew and Charles Ramble. 2022. <em>The Many Faces of King Gesar: Tibetan and Central Asian Studies in Homage to Rolf A. Stein. <\/em>Brill. <a href=\"https:\/\/maitripa.populiweb.com\/router\/library\/resources\/14146340\">PL 3748.G43 M36 2022<\/a><\/p>\n<p>Karma Lekshe Tsomo, ed. 2004. <em>Buddhist Women and Social Justice: Ideals, Challenges, and Achievements. <\/em>State University of New York Press. <a href=\"https:\/\/maitripa.populiweb.com\/router\/library\/resources\/14146331\">BQ 4570.W6 B82 2004<\/a><\/p>\n<p>Keenan, John P. 2014. <em>A Study of the Buddhabhu\u0304myupades\u0301\u0301a: The Doctrinal Development of the Notion of Wisdom in Yoga\u0304ca\u0304ra Thought. <\/em>Institute of Buddhist Studies. <a href=\"https:\/\/maitripa.populiweb.com\/router\/library\/resources\/14146392\">BQ 2240 .B825 B3635 2014<\/a><\/p>\n<p>Khenpo Tsultrim Gyamtso, Rinpoche, translated by Ari Goldield, Dzogchen Ponlop Rinpoche and Zabsang Shedrub. 2008. <em>Five Compositions of Definitive Meaning. <\/em>Marpa Institute. <a href=\"https:\/\/maitripa.populiweb.com\/router\/library\/resources\/14146369\">BQ 7679.6 .K44 2008<\/a><\/p>\n<p>King, Winston L. 1964. <em>A Thousand Lives Away: Buddhism in Contemporary Burma. <\/em>Harvard University Press. <a href=\"https:\/\/maitripa.populiweb.com\/router\/library\/resources\/14146372\">BL 1443.2 .K5 1964<\/a><\/p>\n<p>Kochumuttom, Thomas A. 1982. <em>A Buddhist Doctrine of Experience: A New Translation and Interpretation of the Works of Vasubandhu the Yoga\u0304ca\u0304rin. <\/em>Motilal Banarsidass. <a href=\"https:\/\/maitripa.populiweb.com\/router\/library\/resources\/14146391\">BQ 7529 .V367 K62 1999<\/a><\/p>\n<p>Komarovski, Yaroslav. 2024. <em>Is Reality Beyond Good and Evil?: Tibetan Buddhist Inquiry into the Ultimate Virtue. <\/em>University of Virginia Press. <a href=\"https:\/\/maitripa.populiweb.com\/router\/library\/resources\/14146405\">BQ 4570.G66 K66 2024<\/a><\/p>\n<p>Kuijp, Leonard W. J. van der. 1983. <em>Contributions to the Development of Tibetan Buddhist Epistemology: From the Eleventh to the Thirteenth Century. <\/em>F. Steiner. <a href=\"https:\/\/maitripa.populiweb.com\/router\/library\/resources\/14146327\">BQ 4440 .K85 1983<\/a><\/p>\n<p>Lee, Kin Cheung George, Adrian J. Davis, and Sabin Maharjan. 2025. <em>Early Buddhist Teachings: A Foundation for Counseling. <\/em>Hong Kong University Press. <a href=\"https:\/\/maitripa.populiweb.com\/router\/library\/resources\/14146398\">BQ 4115 .L44 2025<\/a><\/p>\n<p>Lopez, Donald S., Jr. 2024. <em>Buddhism: A Journey Through History. <\/em>Yale University Press. <a href=\"https:\/\/maitripa.populiweb.com\/router\/library\/resources\/14146399\">BQ 266 .L67 2024<\/a><\/p>\n<p>Lopez, Donald S., Jr. 2016. <em>The Lotus Su\u0304tra: A Biography. <\/em>Princeton University Press. <a href=\"https:\/\/maitripa.populiweb.com\/router\/library\/resources\/14146374\">BQ 1617 .L67 2016<\/a><\/p>\n<p>Maitreyan\u0101tha, translated and introduced by Karl Brunnh\u00f6lzl. 2012. <em>Mining for Wisdom Within Delusion: Maitreya&#8217;s Distinction Between Phenomena and the Nature of Phenomena and its Indian and Tibetan Commentaries. <\/em>Snow Lion Publications. <a href=\"https:\/\/maitripa.populiweb.com\/router\/library\/resources\/14146387\">BQ 3080 .D5322 E53 2012<\/a><\/p>\n<p>Makransky, John J. and Paul Condon. 2012. <em>How Compassion Works: A Step-by-Step Guide for Cultivating Well-Being, Love, and Wisdom. <\/em>Shambhala. <a href=\"https:\/\/maitripa.populiweb.com\/router\/library\/resources\/14146321\">BJ 1475 .M35 2025<\/a><\/p>\n<p>Muller, A. Charles, To-Jon Chong, and Kihwa. 2021. <em>Korea&#8217;s Great Buddhist-Confucian Debate: The Treatises of Ch\u014fng Toj\u014fn (Sambong) and Hamh\u014f T\u016dkt&#8217;ong (Kihwa). <\/em>University of Hawai&#8217;i Press. <a href=\"https:\/\/maitripa.populiweb.com\/router\/library\/resources\/14146381\">BQ 656 .K68 2015<\/a><\/p>\n<p>Museum Rietberg ; edited by Esther Tisa Francini. 2022. <em>Pathways of Art: How Objects Get to the Museum. <\/em>Verlag Scheidegger und Spiess AG. <a href=\"https:\/\/maitripa.populiweb.com\/router\/library\/resources\/14146363\">N 3648 .P38 2022<\/a><\/p>\n<p>Nattier, Jan. 1991. <em>Once Upon a Future Time: Studies in a Buddhist Prophecy of Decline. <\/em>Asian Humanities Press. <a href=\"https:\/\/maitripa.populiweb.com\/router\/library\/resources\/14146370\">BQ 4480 .N38 1991<\/a><\/p>\n<p>Ngag-dbang-kun-dga\u02bc-theg-chen-dpal-\u02bcbar, Sa-skya Khri-\u02bcdzin, edited by Khenpo Kalsang Gyaltsen and Ani Kunga Chodron. 2011. <em>Freeing the Heart and Mind. Part 1, Introduction to the Buddhist Path. <\/em>Wisdom Publications. <a href=\"https:\/\/maitripa.populiweb.com\/router\/library\/resources\/14146383\">BQ 7672.4 .N345 2011<\/a><\/p>\n<p>Palden Sherab, Khenchen, translated by The Samye Translation Group. 2022. <em>The Invincible Determination of the Princess Yeshe Dawa: A Commentary on the Twenty-one Verses of Praise and Homage with the Root Mantra of \u0100rya T\u0101r\u0101. <\/em>Dharma Samudra. <a href=\"https:\/\/maitripa.populiweb.com\/router\/library\/resources\/14146359\">BQ 4710 .T3 P35 2022<\/a><\/p>\n<p>Prebish, Charles S. and Kenneth K. Tanaka, eds. 1998. <em>The Faces of Buddhism in America. <\/em>University of California Press. <a href=\"https:\/\/maitripa.populiweb.com\/router\/library\/resources\/14146332\">BQ 736 .F33 1998<\/a><\/p>\n<p>Ruegg, David Seyfort. 1989. <em>Buddha-nature, Mind and the Problem of Gradualism in a Comparative Perspective: On the Transmission and Reception of Buddhism in India and Tibet. <\/em>School of Oriental and African Studies. <a href=\"https:\/\/maitripa.populiweb.com\/router\/library\/resources\/14146325\">BQ 4012 .R83 1989<\/a><\/p>\n<p>Sangs-rgyas-ye-shes, Gnubs-chen and Dylan Esler, trans. 2022. <em>The Lamp for the Eye of Contemplation the Samten Migdron, a 10th-century Tibetan Buddhist Text on Meditation. <\/em>Oxford University Press. <a href=\"https:\/\/maitripa.populiweb.com\/router\/library\/resources\/14146366\">BQ 7662.4 .S264 2022<\/a><\/p>\n<p>S\u0301a\u0304ntideva and Jay L. Garfield. 2025. <em>How to be Caring: An Ancient Guide to a Compassionate Life. <\/em>Princeton University Press. <a href=\"https:\/\/maitripa.populiweb.com\/router\/library\/resources\/14146396\">BQ 3142.E5 G37 2025<\/a><\/p>\n<p>Sobisch, Jan-Ulrich, and Solvej Hyveled Nielsen. 2019. <em>Divining with Achi and Ta\u0304ra\u0304: Comparative Remarks on Tibetan Dice and Ma\u0304la\u0304 Divination: Tools, Poetry, Structures, and Ritual Dimensions. <\/em>Brill. <a href=\"https:\/\/maitripa.populiweb.com\/router\/library\/resources\/14146378\">BF 1773.2.T5 D58 2019<\/a><\/p>\n<p>Strand, Mark. 1991. <em>The Monument. <\/em>Ecco Press. <a href=\"https:\/\/maitripa.populiweb.com\/router\/library\/resources\/14146358\">PS 3569 .T69 M6 1991<\/a><\/p>\n<p>Strand, Mark. 1990. <em>The Continuous Life: Poems. <\/em>Alfred A. Knopf. <a href=\"https:\/\/maitripa.populiweb.com\/router\/library\/resources\/14146357\">PS 3569.T69 C6 1990<\/a><\/p>\n<p>Sue-Sue T\u00e2m B\u1ea3o \u0110\u00e0n. 2013. <em>The Lama of Many Lifetimes: Touching the Living Heart of Garchen Rinpoche (Book One &#8211; The Early Days 1937-1958). <\/em>Milam Bardo Publications. <a href=\"https:\/\/maitripa.populiweb.com\/router\/library\/resources\/14146368\">BQ 7950 .G37 S8 2013<\/a><\/p>\n<p>Sze, Mai-mai, and Gai Wang. 1963. <em>The Tao Of Painting: A Study of the Ritual Disposition of Chinese Painting: With a Translation of the Chieh tzu\u0306 Yu\u0308an Chuan ; or Mustard Seed Garden Manual of Painting, 1679-1701. <\/em>Princeton University Press. <a href=\"https:\/\/maitripa.populiweb.com\/router\/library\/resources\/14146353\">ND 1043 .S9 1963<\/a><\/p>\n<p>Tan, Gillian G. 2017. <em>In the Circle of White Stones: Moving Through Seasons with Nomads of Eastern Tibet. <\/em>University of Washington Press. <a href=\"https:\/\/maitripa.populiweb.com\/router\/library\/resources\/14146377\">DS 786 .T33 2017<\/a><\/p>\n<p>Theroux, Paul and Steve McCurry. 1985. <em>The Imperial Way. <\/em>Houghton Mifflin. <a href=\"https:\/\/maitripa.populiweb.com\/router\/library\/resources\/11453588\">DS 414.2 .T46 1985<\/a><\/p>\n<p>Thrangu, Rinpoche. 2003. <em>Crystal Clear: Practical Advice for Mahamudra Meditators. <\/em>Rangjung Yeshe Publications. <a href=\"https:\/\/maitripa.populiweb.com\/router\/library\/resources\/14146356\">BQ 8921 .M35 T473 2003<\/a><\/p>\n<p>Thub-bstan-legs-bsad-rgya-mtsho, Bco-brgyad Khri-chen XVIII. 1983. <em>The History of the Sakya Tradition: A Feast for the Minds of the Fortunate. <\/em>Ganesha. <a href=\"https:\/\/maitripa.populiweb.com\/router\/library\/resources\/14146323\">BQ 7672.2 .T48 1983<\/a><\/p>\n<p>Tsering Yangzom. 2021. <em>We Measure the Earth with our Bodies. <\/em>Bloomsbury. <a href=\"https:\/\/maitripa.populiweb.com\/router\/library\/resources\/14145369\">PR 9199.4 .L3534 W4 2021<\/a><\/p>\n<p>Waldron, William S. 2023. <em>Making Sense of Mind Only: Why Yoga\u0304ca\u0304ra Buddhism Matters. <\/em>Wisdom Publications. <a href=\"https:\/\/maitripa.populiweb.com\/router\/library\/resources\/14146385\">BQ 7494 .W35 2023<\/a><\/p>\n<p>Wallace, Vesna A. and Robert A. F. Thurman. 2004. <em>The K\u0101lacakratantra: The Chapter on the Individual Together with the Vimalaprabh\u0101. <\/em>American Institute of Buddhist Studies. <a href=\"https:\/\/maitripa.populiweb.com\/router\/library\/resources\/14146364\">BQ 2171 .W35 2004<\/a><\/p>\n<p>Weber, Andy. 2017. <em>The Eight Auspicious Symbols. <\/em>Tig.le Production. <a href=\"https:\/\/maitripa.populiweb.com\/router\/library\/resources\/14146362\">ND 1432 .C58 W43 2017<\/a><\/p>\n<p>Weber, Andy. 2021. <em>The Wheel of Life. <\/em>Tig.le Production. <a href=\"https:\/\/maitripa.populiweb.com\/router\/library\/resources\/14146361\">ND 1432 .C58 W43 2021<\/a><\/p>\n<p>Weber, Andy. 2018. <em>Cittamani Tara &amp; the Twenty-one Taras. <\/em>Tig.le Production. <a href=\"https:\/\/maitripa.populiweb.com\/router\/library\/resources\/14146360\">ND 1432 .C58 W43 2018<\/a><\/p>\n<p>Wenta, Aleksandra. 2025. <em>The Vajrabhairava Tantra: A Study and Annotated Translation. <\/em>Wisdom Publications. <a href=\"https:\/\/maitripa.populiweb.com\/router\/library\/resources\/14146322\">BQ 2180 .V347 2025<\/a> &nbsp;<\/p>\n<p>White, David Gordon, ed. 2011. <em>Yoga in Practice. <\/em>Princeton University Press. <a href=\"https:\/\/maitripa.populiweb.com\/router\/library\/resources\/14146347\">B 132.Y6 Y64 2012<\/a><\/p>\n<p>Wu Yin, Bhikshuni and Nuns of Luminary International Buddhist Society, translated by Thubten Damcho and Lynne Mallinson. 2019. <em>Building Community: Living and Learning with the Sangha. <\/em>Unknown. <a href=\"https:\/\/maitripa.populiweb.com\/router\/library\/resources\/14146388\">BQ 2407 .W895 2019<\/a><\/p>\n<p>Zhiyi, translation and commentary by Paul L. Swanson. 2017. <em>Clear Serenity, Quiet Insight: T&#8217;ien-t&#8217;ai Chih-i&#8217;s Mo-ho chih-kuan. <\/em>University of Hawai\u02bbi Press. <a href=\"https:\/\/maitripa.populiweb.com\/router\/library\/resources\/14146380\">BQ 9149 .C454 M613 2018 v.1-3<\/a><\/p>\n<p>Zopa, Tenzin. 2010. <em>Karma &amp; the 12 Links. <\/em>Losang Dragpa Centre. <a href=\"https:\/\/maitripa.populiweb.com\/router\/library\/resources\/14146382\">BL 2015 .T46 2010<\/a><\/p>\n<\/div><\/div><\/div><\/div><\/div>\n","protected":false},"excerpt":{"rendered":"","protected":false},"author":13,"featured_media":0,"parent":0,"menu_order":0,"comment_status":"closed","ping_status":"closed","template":"","meta":{"ngg_post_thumbnail":0,"footnotes":""},"class_list":["post-1017","page","type-page","status-publish","hentry"],"_links":{"self":[{"href":"https:\/\/maitripa.org\/library\/wp-json\/wp\/v2\/pages\/1017","targetHints":{"allow":["GET"]}}],"collection":[{"href":"https:\/\/maitripa.org\/library\/wp-json\/wp\/v2\/pages"}],"about":[{"href":"https:\/\/maitripa.org\/library\/wp-json\/wp\/v2\/types\/page"}],"author":[{"embeddable":true,"href":"https:\/\/maitripa.org\/library\/wp-json\/wp\/v2\/users\/13"}],"replies":[{"embeddable":true,"href":"https:\/\/maitripa.org\/library\/wp-json\/wp\/v2\/comments?post=1017"}],"version-history":[{"count":5,"href":"https:\/\/maitripa.org\/library\/wp-json\/wp\/v2\/pages\/1017\/revisions"}],"predecessor-version":[{"id":1719,"href":"https:\/\/maitripa.org\/library\/wp-json\/wp\/v2\/pages\/1017\/revisions\/1719"}],"wp:attachment":[{"href":"https:\/\/maitripa.org\/library\/wp-json\/wp\/v2\/media?parent=1017"}],"curies":[{"name":"wp","href":"https:\/\/api.w.org\/{rel}","templated":true}]}}